{"id":14,"date":"2021-07-12T18:14:34","date_gmt":"2021-07-12T22:14:34","guid":{"rendered":"https:\/\/echopaincanada.ca\/?page_id=14"},"modified":"2024-06-09T19:25:23","modified_gmt":"2024-06-09T23:25:23","slug":"home","status":"publish","type":"page","link":"https:\/\/echopaincanada.ca\/fr\/","title":{"rendered":"Home"},"content":{"rendered":"<div style=\"height:33px\" aria-hidden=\"true\" class=\"wp-block-spacer\"><\/div>\n\n\n\n<div class=\"wp-block-uagb-advanced-heading uagb-block-55248d85\"><h2 class=\"uagb-heading-text\">Trouver un programme ECHO dans votre r\u00e9gion<\/h2><p class=\"uagb-desc-text\">Cliquez sur la carte ci-dessous pour voir les centres ECHO par province ou territoire.<\/p><\/div>\n\n\n<div id=\"mapsvg-37\" data-id=\"37\" class=\"mapsvg\" data-autoload=\"true\" data-load-db=\"true\" data-loading-text=\"Loading map...\" style=\"width: 100%; height: 0; padding-bottom: 97%\"><\/div>\n\n\n\n<hr class=\"wp-block-separator has-alpha-channel-opacity is-style-dots\"\/>\n\n\n\n<div class=\"wp-block-uagb-container uagb-block-fc2dda2b alignfull uagb-is-root-container\"><div class=\"uagb-container-inner-blocks-wrap\">\n<div class=\"wp-block-uagb-container uagb-block-a9d3bdb7\">\n<figure class=\"wp-block-embed is-type-video is-provider-youtube wp-block-embed-youtube wp-embed-aspect-16-9 wp-has-aspect-ratio\"><div class=\"wp-block-embed__wrapper\">\n<iframe loading=\"lazy\" title=\"ECHO Ontario: Introduction to our Programs\" width=\"500\" height=\"281\" src=\"https:\/\/www.youtube.com\/embed\/_LHU_hv3W-o?feature=oembed\" frameborder=\"0\" allow=\"accelerometer; autoplay; clipboard-write; encrypted-media; gyroscope; picture-in-picture; web-share\" referrerpolicy=\"strict-origin-when-cross-origin\" allowfullscreen><\/iframe>\n<\/div><\/figure>\n<\/div>\n\n\n\n<div class=\"wp-block-uagb-container uagb-block-54d8f7b6\">\n<h2 class=\"wp-block-heading\">Introduction \u00e0 Nos Programmes<\/h2>\n\n\n\n<p>ECHO est un programme interactif de formation m\u00e9dicale en ligne qui relie les fournisseurs de soins de sant\u00e9 avec une \u00e9quipe de sp\u00e9cialistes interprofessionnelles afin d\u2019avancer l\u2019apprentissage et am\u00e9liorer les comp\u00e9tences cliniques.<\/p>\n<\/div>\n<\/div><\/div>\n\n\n\n<div style=\"height:35px\" aria-hidden=\"true\" class=\"wp-block-spacer\"><\/div>\n\n\n\n<div style=\"height:100px\" aria-hidden=\"true\" class=\"wp-block-spacer\"><\/div>\n\n\n\n<div class=\"wp-block-columns is-layout-flex wp-container-core-columns-is-layout-28f84493 wp-block-columns-is-layout-flex\">\n<div class=\"wp-block-column is-layout-flow wp-block-column-is-layout-flow\">\n<div class=\"wp-block-buttons is-layout-flex wp-block-buttons-is-layout-flex\">\n<div class=\"wp-block-button has-custom-width wp-block-button__width-100 is-style-outline is-style-outline--1\"><a class=\"wp-block-button__link wp-element-button\" href=\"https:\/\/echopaincanada.ca\/fr\/echo-ontario\/\">Ontario<\/a><\/div>\n<\/div>\n<\/div>\n\n\n\n<div class=\"wp-block-column is-layout-flow wp-block-column-is-layout-flow\">\n<div class=\"wp-block-buttons is-layout-flex wp-block-buttons-is-layout-flex\">\n<div class=\"wp-block-button has-custom-width wp-block-button__width-100 is-style-outline is-style-outline--2\"><a class=\"wp-block-button__link wp-element-button\" href=\"https:\/\/echopaincanada.ca\/fr\/echo-british-columbia\/\">ECHO Colombie Britannique<\/a><\/div>\n\n\n\n<div class=\"wp-block-button has-custom-width wp-block-button__width-100 is-style-outline is-style-outline--3\"><a class=\"wp-block-button__link wp-element-button\" href=\"https:\/\/echopaincanada.ca\/fr\/echo-alberta\/\">ECHO Alberta<\/a><\/div>\n<\/div>\n<\/div>\n\n\n\n<div class=\"wp-block-column is-layout-flow wp-block-column-is-layout-flow\">\n<div class=\"wp-block-buttons is-layout-flex wp-block-buttons-is-layout-flex\">\n<div class=\"wp-block-button has-custom-width wp-block-button__width-100 is-style-outline is-style-outline--4\"><a class=\"wp-block-button__link wp-element-button\" href=\"https:\/\/echopaincanada.ca\/fr\/quebec\/\">Quebec<\/a><\/div>\n\n\n\n<div class=\"wp-block-button has-custom-width wp-block-button__width-100 is-style-outline is-style-outline--5\"><a class=\"wp-block-button__link wp-element-button\" href=\"https:\/\/echopaincanada.ca\/fr\/echo-saskatchewan\/\">ECHO Saskatchewan<\/a><\/div>\n<\/div>\n<\/div>\n<\/div>\n\n\n\n<div style=\"height:10px\" aria-hidden=\"true\" class=\"wp-block-spacer\"><\/div>\n\n\n\n<div style=\"height:35px\" aria-hidden=\"true\" class=\"wp-block-spacer\"><\/div>\n\n\n\n<hr class=\"wp-block-separator has-alpha-channel-opacity is-style-default\"\/>\n\n\n\n<div class=\"wp-block-uagb-container uagb-block-7cff85c8 alignfull uagb-is-root-container\"><div class=\"uagb-container-inner-blocks-wrap\">\n<h2 class=\"wp-block-heading has-text-align-center has-ast-global-color-7-color has-text-color\">L\u2019impact d\u2019ECHO<\/h2>\n\n\n\n<div class=\"wp-block-columns has-ast-global-color-5-background-color has-background is-layout-flex wp-container-core-columns-is-layout-28f84493 wp-block-columns-is-layout-flex\">\n<div class=\"wp-block-column has-ast-global-color-5-background-color has-background is-layout-flow wp-block-column-is-layout-flow\">\n<div class=\"wp-block-uagb-counter uagb-block-17d691b0 wp-block-uagb-counter--number\"><span class=\"wp-block-uagb-counter__icon\"><svg xmlns=\"https:\/\/www.w3.org\/2000\/svg\" viewbox=\"0 0 576 512\"><path d=\"M144.3 32.04C106.9 31.29 63.7 41.44 18.6 61.29c-11.42 5.026-18.6 16.67-18.6 29.15l0 357.6c0 11.55 11.99 19.55 22.45 14.65c126.3-59.14 219.8 11 223.8 14.01C249.1 478.9 252.5 480 256 480c12.4 0 16-11.38 16-15.98V80.04c0-5.203-2.531-10.08-6.781-13.08C263.3 65.58 216.7 33.35 144.3 32.04zM557.4 61.29c-45.11-19.79-88.48-29.61-125.7-29.26c-72.44 1.312-118.1 33.55-120.9 34.92C306.5 69.96 304 74.83 304 80.04v383.1C304 468.4 307.5 480 320 480c3.484 0 6.938-1.125 9.781-3.328c3.925-3.018 97.44-73.16 223.8-14c10.46 4.896 22.45-3.105 22.45-14.65l.0001-357.6C575.1 77.97 568.8 66.31 557.4 61.29z\"><\/path><\/svg><\/span><div class=\"wp-block-uagb-counter__number\"><span class=\"uagb-counter-block-prefix\">Plus de <\/span><span class=\"uagb-counter-block-number\" data-duration=\"2\" data-to-value=\"90\" data-from-value=\"0\" data-delimiter=\",\"><\/span><span class=\"uagb-counter-block-suffix\">cas<\/span><\/div><div class=\"wp-block-uagb-counter__title\">pr\u00e9sent\u00e9s<\/div><\/div>\n<\/div>\n\n\n\n<div class=\"wp-block-column is-layout-flow wp-block-column-is-layout-flow\">\n<div class=\"wp-block-uagb-counter uagb-block-fe77945b wp-block-uagb-counter--number\"><span class=\"wp-block-uagb-counter__icon\"><svg xmlns=\"https:\/\/www.w3.org\/2000\/svg\" viewbox=\"0 0 640 512\"><path d=\"M211.2 96C211.2 131.3 182.5 160 147.2 160C111.9 160 83.2 131.3 83.2 96C83.2 60.65 111.9 32 147.2 32C182.5 32 211.2 60.65 211.2 96zM32 256C32 220.7 60.65 192 96 192H192C204.2 192 215.7 195.4 225.4 201.4C188.2 216.5 159.8 248.6 149.6 288H64C46.33 288 32 273.7 32 256V256zM415.9 200.6C425.3 195.1 436.3 192 448 192H544C579.3 192 608 220.7 608 256C608 273.7 593.7 288 576 288H493.6C483.2 247.9 453.1 215.4 415.9 200.6zM391.2 226.4C423.3 233.8 449.3 257.3 460.1 288C463.7 298 465.6 308.8 465.6 320C465.6 337.7 451.3 352 433.6 352H209.6C191.9 352 177.6 337.7 177.6 320C177.6 308.8 179.5 298 183.1 288C193.6 258.3 218.3 235.2 249.1 227.1C256.1 225.1 265.1 224 273.6 224H369.6C377 224 384.3 224.8 391.2 226.4zM563.2 96C563.2 131.3 534.5 160 499.2 160C463.9 160 435.2 131.3 435.2 96C435.2 60.65 463.9 32 499.2 32C534.5 32 563.2 60.65 563.2 96zM241.6 112C241.6 67.82 277.4 32 321.6 32C365.8 32 401.6 67.82 401.6 112C401.6 156.2 365.8 192 321.6 192C277.4 192 241.6 156.2 241.6 112zM608 416C625.7 416 640 430.3 640 448C640 465.7 625.7 480 608 480H32C14.33 480 0 465.7 0 448C0 430.3 14.33 416 32 416H608z\"><\/path><\/svg><\/span><div class=\"wp-block-uagb-counter__number\"><span class=\"uagb-counter-block-number\" data-duration=\"2\" data-to-value=\"170\" data-from-value=\"0\" data-delimiter=\",\"><\/span><span class=\"uagb-counter-block-suffix\"> participants <\/span><\/div><div class=\"wp-block-uagb-counter__title\">dans nos programmes <\/div><\/div>\n<\/div>\n\n\n\n<div class=\"wp-block-column is-layout-flow wp-block-column-is-layout-flow\">\n<div class=\"wp-block-uagb-counter uagb-block-68662f1f wp-block-uagb-counter--number\"><span class=\"wp-block-uagb-counter__icon\"><svg xmlns=\"https:\/\/www.w3.org\/2000\/svg\" viewbox=\"0 0 640 512\"><path d=\"M320 128C328.8 128 336 135.2 336 144V160H352C360.8 160 368 167.2 368 176C368 184.8 360.8 192 352 192H320C311.2 192 304 184.8 304 176V144C304 135.2 311.2 128 320 128zM476.8 98.06L602.4 125.1C624.4 130.9 640 150.3 640 172.8V464C640 490.5 618.5 512 592 512H48C21.49 512 0 490.5 0 464V172.8C0 150.3 15.63 130.9 37.59 125.1L163.2 98.06L302.2 5.374C312.1-1.791 327-1.791 337.8 5.374L476.8 98.06zM256 512H384V416C384 380.7 355.3 352 320 352C284.7 352 256 380.7 256 416V512zM96 192C87.16 192 80 199.2 80 208V272C80 280.8 87.16 288 96 288H128C136.8 288 144 280.8 144 272V208C144 199.2 136.8 192 128 192H96zM496 272C496 280.8 503.2 288 512 288H544C552.8 288 560 280.8 560 272V208C560 199.2 552.8 192 544 192H512C503.2 192 496 199.2 496 208V272zM96 320C87.16 320 80 327.2 80 336V400C80 408.8 87.16 416 96 416H128C136.8 416 144 408.8 144 400V336C144 327.2 136.8 320 128 320H96zM496 400C496 408.8 503.2 416 512 416H544C552.8 416 560 408.8 560 400V336C560 327.2 552.8 320 544 320H512C503.2 320 496 327.2 496 336V400zM320 88C271.4 88 232 127.4 232 176C232 224.6 271.4 264 320 264C368.6 264 408 224.6 408 176C408 127.4 368.6 88 320 88z\"><\/path><\/svg><\/span><div class=\"wp-block-uagb-counter__number\"><span class=\"uagb-counter-block-prefix\">Plus de <\/span><span class=\"uagb-counter-block-number\" data-duration=\"2\" data-to-value=\"400\" data-from-value=\"0\" data-delimiter=\",\"><\/span><span class=\"uagb-counter-block-suffix\"> heures <\/span><\/div><div class=\"wp-block-uagb-counter__title\">de cr\u00e9dits DPC<\/div><\/div>\n<\/div>\n<\/div>\n\n\n\n<p><\/p>\n<\/div><\/div>\n\n\n\n<div style=\"height:35px\" aria-hidden=\"true\" class=\"wp-block-spacer\"><\/div>\n\n\n\n<p><\/p>","protected":false},"excerpt":{"rendered":"<p>Find an ECHO Program in your region Click the map below to view ECHOs by province or territory. Introduction to our Programs ECHO is an interactive online medical education program, connecting health care providers with an interprofessional specialist team to advance learning and enhance clinical skills. ECHO Impact<\/p>","protected":false},"author":1,"featured_media":0,"parent":0,"menu_order":0,"comment_status":"closed","ping_status":"closed","template":"","meta":{"_uag_custom_page_level_css":"","site-sidebar-layout":"default","site-content-layout":"default","ast-site-content-layout":"default","site-content-style":"default","site-sidebar-style":"default","ast-global-header-display":"","ast-banner-title-visibility":"","ast-main-header-display":"","ast-hfb-above-header-display":"","ast-hfb-below-header-display":"","ast-hfb-mobile-header-display":"","site-post-title":"disabled","ast-breadcrumbs-content":"","ast-featured-img":"","footer-sml-layout":"","ast-disable-related-posts":"","theme-transparent-header-meta":"default","adv-header-id-meta":"","stick-header-meta":"default","header-above-stick-meta":"","header-main-stick-meta":"","header-below-stick-meta":"","astra-migrate-meta-layouts":"default","ast-page-background-enabled":"default","ast-page-background-meta":{"desktop":{"background-color":"","background-image":"","background-repeat":"repeat","background-position":"center center","background-size":"auto","background-attachment":"scroll","background-type":"","background-media":"","overlay-type":"","overlay-color":"","overlay-opacity":"","overlay-gradient":""},"tablet":{"background-color":"","background-image":"","background-repeat":"repeat","background-position":"center center","background-size":"auto","background-attachment":"scroll","background-type":"","background-media":"","overlay-type":"","overlay-color":"","overlay-opacity":"","overlay-gradient":""},"mobile":{"background-color":"","background-image":"","background-repeat":"repeat","background-position":"center center","background-size":"auto","background-attachment":"scroll","background-type":"","background-media":"","overlay-type":"","overlay-color":"","overlay-opacity":"","overlay-gradient":""}},"ast-content-background-meta":{"desktop":{"background-color":"var(--ast-global-color-5)","background-image":"","background-repeat":"repeat","background-position":"center center","background-size":"auto","background-attachment":"scroll","background-type":"","background-media":"","overlay-type":"","overlay-color":"","overlay-opacity":"","overlay-gradient":""},"tablet":{"background-color":"var(--ast-global-color-5)","background-image":"","background-repeat":"repeat","background-position":"center center","background-size":"auto","background-attachment":"scroll","background-type":"","background-media":"","overlay-type":"","overlay-color":"","overlay-opacity":"","overlay-gradient":""},"mobile":{"background-color":"var(--ast-global-color-5)","background-image":"","background-repeat":"repeat","background-position":"center center","background-size":"auto","background-attachment":"scroll","background-type":"","background-media":"","overlay-type":"","overlay-color":"","overlay-opacity":"","overlay-gradient":""}},"footnotes":""},"class_list":["post-14","page","type-page","status-publish","hentry"],"uagb_featured_image_src":{"full":false,"thumbnail":false,"medium":false,"medium_large":false,"large":false,"1536x1536":false,"2048x2048":false,"trp-custom-language-flag":false},"uagb_author_info":{"display_name":"echo_pain_ca_admin","author_link":"https:\/\/echopaincanada.ca\/fr\/blog\/author\/echo_pain_ca_admin\/"},"uagb_comment_info":0,"uagb_excerpt":"Find an ECHO Program in your region Click the map below to view ECHOs by province or territory. Introduction to our Programs ECHO is an interactive online medical education program, connecting health care providers with an interprofessional specialist team to advance learning and enhance clinical skills. ECHO Impact","_links":{"self":[{"href":"https:\/\/echopaincanada.ca\/fr\/wp-json\/wp\/v2\/pages\/14","targetHints":{"allow":["GET"]}}],"collection":[{"href":"https:\/\/echopaincanada.ca\/fr\/wp-json\/wp\/v2\/pages"}],"about":[{"href":"https:\/\/echopaincanada.ca\/fr\/wp-json\/wp\/v2\/types\/page"}],"author":[{"embeddable":true,"href":"https:\/\/echopaincanada.ca\/fr\/wp-json\/wp\/v2\/users\/1"}],"replies":[{"embeddable":true,"href":"https:\/\/echopaincanada.ca\/fr\/wp-json\/wp\/v2\/comments?post=14"}],"version-history":[{"count":61,"href":"https:\/\/echopaincanada.ca\/fr\/wp-json\/wp\/v2\/pages\/14\/revisions"}],"predecessor-version":[{"id":692,"href":"https:\/\/echopaincanada.ca\/fr\/wp-json\/wp\/v2\/pages\/14\/revisions\/692"}],"wp:attachment":[{"href":"https:\/\/echopaincanada.ca\/fr\/wp-json\/wp\/v2\/media?parent=14"}],"curies":[{"name":"wp","href":"https:\/\/api.w.org\/{rel}","templated":true}]}}