{"id":410,"date":"2023-05-10T18:54:52","date_gmt":"2023-05-10T22:54:52","guid":{"rendered":"https:\/\/echopaincanada.ca\/?page_id=410"},"modified":"2024-02-11T14:28:54","modified_gmt":"2024-02-11T19:28:54","slug":"echo-alberta","status":"publish","type":"page","link":"https:\/\/echopaincanada.ca\/fr\/echo-alberta\/","title":{"rendered":"ECHO Alberta"},"content":{"rendered":"<h2 class=\"wp-block-heading\">L\u2019Augmentation de la Douleur Chronique en Alberta: Une s\u00e9rie ECHO-Programme d\u2019\u00e9tudes<\/h2>\n\n\n\n<figure class=\"wp-block-table is-style-stripes\"><table><thead><tr><td>#<\/td><td>&nbsp;<strong>Date<\/strong><\/td><td><strong>Conf\u00e9rencier(s), i\u00e8re(s)<\/strong><\/td><td><strong>Sujet<\/strong><\/td><\/tr><\/thead><tbody><tr><td>1<\/td><td>6-avr-22<\/td><td>Drake McCheyne<\/td><td>Parler de la douleur aux patients<\/td><\/tr><tr><td>2<\/td><td>20-avr-22<\/td><td>Arlene Cox<\/td><td>Entretien de motivation et fixation d\u2019objectifs<\/td><\/tr><tr><td>3<\/td><td>4-mai-22<\/td><td>Lori Montgomery<\/td><td>Opio\u00efdes et patients ref\u00e9r\u00e9s<\/td><\/tr><tr><td>4<\/td><td>18-mai-22<\/td><td>Werner Becker (\u00c0 d\u00e9terminer)<\/td><td>Migraine: Nouvelles th\u00e9rapies<\/td><\/tr><tr><td>5<\/td><td>1-juin-22<\/td><td>PEER Team<\/td><td>Lignes directrices sur la douleur en Alberta<\/td><\/tr><tr><td>6<\/td><td>15-juin-22<\/td><td>Jesse Kirkwood (\u00c0 d\u00e9terminer)<\/td><td>Signes de troubles li\u00e9s \u00e0 l\u2019usage des opio\u00efdes et comment prendre en charge les patients utilisant des opio\u00efdes \u00e0 long terme<\/td><\/tr><tr><td>7<\/td><td>7-sept-22<\/td><td>Kelly Shinkaruk<\/td><td>Radiologie interventionnelle pour la douleur<\/td><\/tr><tr><td>8<\/td><td>21-sept-22<\/td><td>Halie Worsfold<\/td><td>D\u00e9pistage des probl\u00e8mes psychosociaux<\/td><\/tr><tr><td>9<\/td><td>5-oct-22<\/td><td>Ted Findlay<\/td><td>Fibromyalgie<\/td><\/tr><tr><td>10<\/td><td>19-oct-22<\/td><td>Peer Team<\/td><td>Douleur et Cannabis<\/td><\/tr><tr><td>11<\/td><td>2-nov-22<\/td><td>Lori Montgomery<\/td><td>\u00c9valuation de la douleur pour les m\u00e9decins de famille charg\u00e9s<\/td><\/tr><tr><td>12<\/td><td>16-nov-22<\/td><td>Elenaina Lopatina<\/td><td>Mod\u00e8les de soins pour la douleur chronique<\/td><\/tr><\/tbody><\/table><\/figure>\n\n\n\n<div style=\"height:100px\" aria-hidden=\"true\" class=\"wp-block-spacer\"><\/div>\n\n\n\n<h2 class=\"wp-block-heading\">Site Web<\/h2>\n\n\n\n<figure class=\"wp-block-image size-large\"><img loading=\"lazy\" decoding=\"async\" width=\"1024\" height=\"459\" src=\"https:\/\/echopaincanada.ca\/wp-content\/uploads\/2023\/05\/Screenshot-2023-05-10-224725-1024x459.png\" alt=\"\" class=\"wp-image-415\" srcset=\"https:\/\/echopaincanada.ca\/wp-content\/uploads\/2023\/05\/Screenshot-2023-05-10-224725-1024x459.png 1024w, https:\/\/echopaincanada.ca\/wp-content\/uploads\/2023\/05\/Screenshot-2023-05-10-224725-300x134.png 300w, https:\/\/echopaincanada.ca\/wp-content\/uploads\/2023\/05\/Screenshot-2023-05-10-224725-768x344.png 768w, https:\/\/echopaincanada.ca\/wp-content\/uploads\/2023\/05\/Screenshot-2023-05-10-224725-1536x688.png 1536w, https:\/\/echopaincanada.ca\/wp-content\/uploads\/2023\/05\/Screenshot-2023-05-10-224725-18x8.png 18w, https:\/\/echopaincanada.ca\/wp-content\/uploads\/2023\/05\/Screenshot-2023-05-10-224725.png 1898w\" sizes=\"auto, (max-width: 1024px) 100vw, 1024px\" \/><\/figure>\n\n\n\n<div style=\"height:31px\" aria-hidden=\"true\" class=\"wp-block-spacer\"><\/div>\n\n\n\n<div class=\"wp-block-buttons is-content-justification-center is-layout-flex wp-container-core-buttons-is-layout-a89b3969 wp-block-buttons-is-layout-flex\">\n<div class=\"wp-block-button has-custom-width wp-block-button__width-50 is-style-fill\"><a class=\"wp-block-button__link has-text-align-center wp-element-button\" href=\"https:\/\/acfp.ca\/bp-calendar\/chronic-pain-gains-in-alberta-an-echo-series\/\">Visitez L\u2019Augmentation de la Douleur Chronique en Alberta: Une s\u00e9rie ECHO (Edmonton, Alberta)<\/a><\/div>\n<\/div>\n\n\n\n<div style=\"height:100px\" aria-hidden=\"true\" class=\"wp-block-spacer\"><\/div>","protected":false},"excerpt":{"rendered":"<p>Chronic Pain Gains in Alberta: An ECHO Series &#8211; Curriculum # &nbsp;Date Speaker Topic 1 6-Apr-22 Drake McCheyne Talking to Patients about Pain 2 20-Apr-22 Arlene Cox Motivational Interview and Goal Setting 3 4-May-22 Lori Montgomery Opioids and Inherited Patients 4 18-May-22 Werner Becker (TBD) Migraine: New Therapies 5 1-Jun-22 PEER Team Alberta Pain Guideline [&hellip;]<\/p>\n","protected":false},"author":1,"featured_media":0,"parent":0,"menu_order":0,"comment_status":"closed","ping_status":"closed","template":"","meta":{"_uag_custom_page_level_css":"","site-sidebar-layout":"default","site-content-layout":"","ast-site-content-layout":"default","site-content-style":"default","site-sidebar-style":"default","ast-global-header-display":"","ast-banner-title-visibility":"","ast-main-header-display":"","ast-hfb-above-header-display":"","ast-hfb-below-header-display":"","ast-hfb-mobile-header-display":"","site-post-title":"","ast-breadcrumbs-content":"","ast-featured-img":"","footer-sml-layout":"","ast-disable-related-posts":"","theme-transparent-header-meta":"","adv-header-id-meta":"","stick-header-meta":"","header-above-stick-meta":"","header-main-stick-meta":"","header-below-stick-meta":"","astra-migrate-meta-layouts":"default","ast-page-background-enabled":"default","ast-page-background-meta":{"desktop":{"background-color":"","background-image":"","background-repeat":"repeat","background-position":"center center","background-size":"auto","background-attachment":"scroll","background-type":"","background-media":"","overlay-type":"","overlay-color":"","overlay-opacity":"","overlay-gradient":""},"tablet":{"background-color":"","background-image":"","background-repeat":"repeat","background-position":"center center","background-size":"auto","background-attachment":"scroll","background-type":"","background-media":"","overlay-type":"","overlay-color":"","overlay-opacity":"","overlay-gradient":""},"mobile":{"background-color":"","background-image":"","background-repeat":"repeat","background-position":"center center","background-size":"auto","background-attachment":"scroll","background-type":"","background-media":"","overlay-type":"","overlay-color":"","overlay-opacity":"","overlay-gradient":""}},"ast-content-background-meta":{"desktop":{"background-color":"var(--ast-global-color-5)","background-image":"","background-repeat":"repeat","background-position":"center center","background-size":"auto","background-attachment":"scroll","background-type":"","background-media":"","overlay-type":"","overlay-color":"","overlay-opacity":"","overlay-gradient":""},"tablet":{"background-color":"var(--ast-global-color-5)","background-image":"","background-repeat":"repeat","background-position":"center center","background-size":"auto","background-attachment":"scroll","background-type":"","background-media":"","overlay-type":"","overlay-color":"","overlay-opacity":"","overlay-gradient":""},"mobile":{"background-color":"var(--ast-global-color-5)","background-image":"","background-repeat":"repeat","background-position":"center center","background-size":"auto","background-attachment":"scroll","background-type":"","background-media":"","overlay-type":"","overlay-color":"","overlay-opacity":"","overlay-gradient":""}},"footnotes":""},"class_list":["post-410","page","type-page","status-publish","hentry"],"uagb_featured_image_src":{"full":false,"thumbnail":false,"medium":false,"medium_large":false,"large":false,"1536x1536":false,"2048x2048":false,"trp-custom-language-flag":false},"uagb_author_info":{"display_name":"echo_pain_ca_admin","author_link":"https:\/\/echopaincanada.ca\/fr\/blog\/author\/echo_pain_ca_admin\/"},"uagb_comment_info":0,"uagb_excerpt":"Chronic Pain Gains in Alberta: An ECHO Series &#8211; Curriculum # &nbsp;Date Speaker Topic 1 6-Apr-22 Drake McCheyne Talking to Patients about Pain 2 20-Apr-22 Arlene Cox Motivational Interview and Goal Setting 3 4-May-22 Lori Montgomery Opioids and Inherited Patients 4 18-May-22 Werner Becker (TBD) Migraine: New Therapies 5 1-Jun-22 PEER Team Alberta Pain Guideline&hellip;","_links":{"self":[{"href":"https:\/\/echopaincanada.ca\/fr\/wp-json\/wp\/v2\/pages\/410","targetHints":{"allow":["GET"]}}],"collection":[{"href":"https:\/\/echopaincanada.ca\/fr\/wp-json\/wp\/v2\/pages"}],"about":[{"href":"https:\/\/echopaincanada.ca\/fr\/wp-json\/wp\/v2\/types\/page"}],"author":[{"embeddable":true,"href":"https:\/\/echopaincanada.ca\/fr\/wp-json\/wp\/v2\/users\/1"}],"replies":[{"embeddable":true,"href":"https:\/\/echopaincanada.ca\/fr\/wp-json\/wp\/v2\/comments?post=410"}],"version-history":[{"count":9,"href":"https:\/\/echopaincanada.ca\/fr\/wp-json\/wp\/v2\/pages\/410\/revisions"}],"predecessor-version":[{"id":610,"href":"https:\/\/echopaincanada.ca\/fr\/wp-json\/wp\/v2\/pages\/410\/revisions\/610"}],"wp:attachment":[{"href":"https:\/\/echopaincanada.ca\/fr\/wp-json\/wp\/v2\/media?parent=410"}],"curies":[{"name":"wp","href":"https:\/\/api.w.org\/{rel}","templated":true}]}}