{"id":412,"date":"2023-05-10T18:55:27","date_gmt":"2023-05-10T22:55:27","guid":{"rendered":"https:\/\/echopaincanada.ca\/?page_id=412"},"modified":"2023-05-11T11:38:11","modified_gmt":"2023-05-11T15:38:11","slug":"echo-saskatchewan","status":"publish","type":"page","link":"https:\/\/echopaincanada.ca\/fr\/echo-saskatchewan\/","title":{"rendered":"ECHO Saskatchewan"},"content":{"rendered":"<h2 class=\"wp-block-heading\"><strong>Projet CMCS ECHO : Gestion de la Douleur Chronique \u2013 Programme d\u2019\u00e9tudes<\/strong> Programme d\u2019\u00e9tudes<\/h2>\n\n\n\n<figure class=\"wp-block-table is-style-stripes\"><table><thead><tr><td><strong>#<\/strong><\/td><td><strong>Date<\/strong><\/td><td><strong>Conf\u00e9rencier(s), i\u00e8re(s)<\/strong><\/td><td><strong>Sujet<\/strong><\/td><\/tr><\/thead><tbody><tr><td>1<\/td><td>12-Oct-22<\/td><td>Dr. Jessica Kirkwood MD <em>Mod\u00e9rateur - Dr. Murrav Opdahl MD<\/em><\/td><td>Qu\u2019est-ce qui est nouveau ? Recherche sur l\u2019orientation clinique des m\u00e9dicaments en vente libre jusqu\u2019aux lignes directrices de l\u2019\u00e9quipe aux pairs sur les opio\u00efdes.<\/td><\/tr><tr><td>2<\/td><td>26-Oct-22<\/td><td>Dr. John Thiel MD <em>Moderator \u2013 Dr. Murray Opdahl<\/em> <em>MD<\/em><\/td><td>Approches sur le diagnostic et la prise en charge de l\u2019endom\u00e9triose<\/td><\/tr><tr><td>3<\/td><td>16-nov-22<\/td><td>Dr. Morris Markentin MD <em>Mod\u00e9rateur - Dr. Murrav Opdahl MD<\/em><\/td><td>Retour \u00e0 l'essentiel : interventions fond\u00e9es sur des donn\u00e9es probantes et efficaces pour le traitement et prise en charge des troubles li\u00e9s \u00e0 l\u2019usage de substances<\/td><\/tr><tr><td>4<\/td><td>14-d\u00e9c-22 &nbsp;<\/td><td>Christelle Zacharki BSP <em>Moderator \u2013 Dr. Murray Opdahl<\/em> <em>MD<\/em><\/td><td>Meilleures pratiques de prescription d\u2019opio\u00efdes dans le monde r\u00e9el &nbsp;<\/td><\/tr><tr><td>5<\/td><td>11-janv-23<\/td><td>Dr. Krista Baerg MD <em>Mod\u00e9rateur - Dr. Murrav Opdahl MD<\/em><\/td><td>Gestion de la douleur chronique chez les enfants et adolescents<\/td><\/tr><tr><td>6<\/td><td>25-janv-23<\/td><td>Dr. Erin Hamilton MD <em>Moderator \u2013 Dr. Morris Markentin<\/em> <em>MD<\/em><\/td><td>G\u00e9rer la consommation de stimulants en soins primaires &nbsp;<\/td><\/tr><tr><td>7<\/td><td>15-f\u00e9v-23<\/td><td>Dr. Christian Rueda-Clausen MD <em>Mod\u00e9rateur - Dr. Murrav Opdahl MD<\/em><\/td><td>Approches sur le diagnostic et traitement de la douleur chronique li\u00e9e\naux troubles gastro-intestinaux<\/td><\/tr><tr><td>8<\/td><td>1-mars-23 &nbsp;<\/td><td>Dr. Katelyn Halpape BSP PhD <em>Mod\u00e9rateur - Dr. Murrav Opdahl MD<\/em><\/td><td>Approches sur le traitement et la prise en charge des patients souffrant de la douleur, des probl\u00e8mes de sant\u00e9 mentale et troubles li\u00e9s \u00e0 l\u2019usage de substances<\/td><\/tr><tr><td>9<\/td><td>22-mars-23<\/td><td>Dr. Waill Khalil, MD <em>Moderator \u2013 Dr. Murray Opdahl<\/em> <em>MD<\/em><\/td><td>Approches sur les meilleures pratiques pour la gestion de la douleur et de la fonction chez les individus en attente d'une arthroplastie<\/td><\/tr><tr><td>10<\/td><td>29-mars-23<\/td><td>ECHO Advisory Group <em>Moderator \u2013 Dr. Murray Opdahl<\/em> <em>MD<\/em><\/td><td>Sommaire : les 4 \u00ab P \u00bb de la douleur chronique<\/td><\/tr><\/tbody><\/table><\/figure>\n\n\n\n<div style=\"height:100px\" aria-hidden=\"true\" class=\"wp-block-spacer\"><\/div>\n\n\n\n<h2 class=\"wp-block-heading\"><strong>Projet CMCS ECHO : Gestion de la Douleur Chronique \u2013 Programme d\u2019\u00e9tudes<\/strong> Site Web<\/h2>\n\n\n\n<figure class=\"wp-block-image size-large\"><img loading=\"lazy\" decoding=\"async\" width=\"1024\" height=\"748\" src=\"https:\/\/echopaincanada.ca\/wp-content\/uploads\/2023\/05\/Screenshot-2023-05-10-225614-1024x748.png\" alt=\"\" class=\"wp-image-426\" srcset=\"https:\/\/echopaincanada.ca\/wp-content\/uploads\/2023\/05\/Screenshot-2023-05-10-225614-1024x748.png 1024w, https:\/\/echopaincanada.ca\/wp-content\/uploads\/2023\/05\/Screenshot-2023-05-10-225614-300x219.png 300w, https:\/\/echopaincanada.ca\/wp-content\/uploads\/2023\/05\/Screenshot-2023-05-10-225614-768x561.png 768w, https:\/\/echopaincanada.ca\/wp-content\/uploads\/2023\/05\/Screenshot-2023-05-10-225614-16x12.png 16w, https:\/\/echopaincanada.ca\/wp-content\/uploads\/2023\/05\/Screenshot-2023-05-10-225614.png 1252w\" sizes=\"auto, (max-width: 1024px) 100vw, 1024px\" \/><\/figure>\n\n\n\n<div class=\"wp-block-buttons is-content-justification-center is-layout-flex wp-container-core-buttons-is-layout-a89b3969 wp-block-buttons-is-layout-flex\">\n<div class=\"wp-block-button has-custom-width wp-block-button__width-50 is-style-outline is-style-outline--1\"><a class=\"wp-block-button__link wp-element-button\" href=\"https:\/\/www.facebook.com\/ECHOSASK\/\">Visitez le Coll\u00e8ge des M\u00e9decins et Chirurgiens de la Saskatchewan \u2013 Projet ECHO-Gestion de la Douleur Chronique (Saskatoon, Saskatchewan)<\/a><\/div>\n<\/div>\n\n\n\n<div style=\"height:100px\" aria-hidden=\"true\" class=\"wp-block-spacer\"><\/div>","protected":false},"excerpt":{"rendered":"<p>CPSS Project Echo: Management of Chronic Pain Curriculum # Date Speaker(s) Topic 1 12-Oct-22 Dr. Jessica Kirkwood MD Moderator \u2013 Dr. Murray Opdahl MD What is new? Research for clinical guidance on medication from OTC to opioids PEER Guidelines 2 26-Oct-22 Dr. John Thiel MD Moderator \u2013 Dr. Murray Opdahl MD Approaches to the diagnosis [&hellip;]<\/p>\n","protected":false},"author":1,"featured_media":0,"parent":0,"menu_order":0,"comment_status":"closed","ping_status":"closed","template":"","meta":{"_uag_custom_page_level_css":"","site-sidebar-layout":"default","site-content-layout":"","ast-site-content-layout":"default","site-content-style":"default","site-sidebar-style":"default","ast-global-header-display":"","ast-banner-title-visibility":"","ast-main-header-display":"","ast-hfb-above-header-display":"","ast-hfb-below-header-display":"","ast-hfb-mobile-header-display":"","site-post-title":"","ast-breadcrumbs-content":"","ast-featured-img":"","footer-sml-layout":"","ast-disable-related-posts":"","theme-transparent-header-meta":"","adv-header-id-meta":"","stick-header-meta":"","header-above-stick-meta":"","header-main-stick-meta":"","header-below-stick-meta":"","astra-migrate-meta-layouts":"default","ast-page-background-enabled":"default","ast-page-background-meta":{"desktop":{"background-color":"","background-image":"","background-repeat":"repeat","background-position":"center center","background-size":"auto","background-attachment":"scroll","background-type":"","background-media":"","overlay-type":"","overlay-color":"","overlay-opacity":"","overlay-gradient":""},"tablet":{"background-color":"","background-image":"","background-repeat":"repeat","background-position":"center center","background-size":"auto","background-attachment":"scroll","background-type":"","background-media":"","overlay-type":"","overlay-color":"","overlay-opacity":"","overlay-gradient":""},"mobile":{"background-color":"","background-image":"","background-repeat":"repeat","background-position":"center center","background-size":"auto","background-attachment":"scroll","background-type":"","background-media":"","overlay-type":"","overlay-color":"","overlay-opacity":"","overlay-gradient":""}},"ast-content-background-meta":{"desktop":{"background-color":"var(--ast-global-color-5)","background-image":"","background-repeat":"repeat","background-position":"center center","background-size":"auto","background-attachment":"scroll","background-type":"","background-media":"","overlay-type":"","overlay-color":"","overlay-opacity":"","overlay-gradient":""},"tablet":{"background-color":"var(--ast-global-color-5)","background-image":"","background-repeat":"repeat","background-position":"center center","background-size":"auto","background-attachment":"scroll","background-type":"","background-media":"","overlay-type":"","overlay-color":"","overlay-opacity":"","overlay-gradient":""},"mobile":{"background-color":"var(--ast-global-color-5)","background-image":"","background-repeat":"repeat","background-position":"center center","background-size":"auto","background-attachment":"scroll","background-type":"","background-media":"","overlay-type":"","overlay-color":"","overlay-opacity":"","overlay-gradient":""}},"footnotes":""},"class_list":["post-412","page","type-page","status-publish","hentry"],"uagb_featured_image_src":{"full":false,"thumbnail":false,"medium":false,"medium_large":false,"large":false,"1536x1536":false,"2048x2048":false,"trp-custom-language-flag":false},"uagb_author_info":{"display_name":"echo_pain_ca_admin","author_link":"https:\/\/echopaincanada.ca\/fr\/blog\/author\/echo_pain_ca_admin\/"},"uagb_comment_info":0,"uagb_excerpt":"CPSS Project Echo: Management of Chronic Pain Curriculum # Date Speaker(s) Topic 1 12-Oct-22 Dr. Jessica Kirkwood MD Moderator \u2013 Dr. Murray Opdahl MD What is new? Research for clinical guidance on medication from OTC to opioids PEER Guidelines 2 26-Oct-22 Dr. John Thiel MD Moderator \u2013 Dr. Murray Opdahl MD Approaches to the diagnosis&hellip;","_links":{"self":[{"href":"https:\/\/echopaincanada.ca\/fr\/wp-json\/wp\/v2\/pages\/412","targetHints":{"allow":["GET"]}}],"collection":[{"href":"https:\/\/echopaincanada.ca\/fr\/wp-json\/wp\/v2\/pages"}],"about":[{"href":"https:\/\/echopaincanada.ca\/fr\/wp-json\/wp\/v2\/types\/page"}],"author":[{"embeddable":true,"href":"https:\/\/echopaincanada.ca\/fr\/wp-json\/wp\/v2\/users\/1"}],"replies":[{"embeddable":true,"href":"https:\/\/echopaincanada.ca\/fr\/wp-json\/wp\/v2\/comments?post=412"}],"version-history":[{"count":4,"href":"https:\/\/echopaincanada.ca\/fr\/wp-json\/wp\/v2\/pages\/412\/revisions"}],"predecessor-version":[{"id":509,"href":"https:\/\/echopaincanada.ca\/fr\/wp-json\/wp\/v2\/pages\/412\/revisions\/509"}],"wp:attachment":[{"href":"https:\/\/echopaincanada.ca\/fr\/wp-json\/wp\/v2\/media?parent=412"}],"curies":[{"name":"wp","href":"https:\/\/api.w.org\/{rel}","templated":true}]}}