{"id":62,"date":"2021-07-13T16:31:42","date_gmt":"2021-07-13T20:31:42","guid":{"rendered":"https:\/\/echopaincanada.ca\/?page_id=62"},"modified":"2024-06-09T16:55:50","modified_gmt":"2024-06-09T20:55:50","slug":"about-us","status":"publish","type":"page","link":"https:\/\/echopaincanada.ca\/fr\/about-us\/","title":{"rendered":"\u00c0 propos"},"content":{"rendered":"<div style=\"height:30px\" aria-hidden=\"true\" class=\"wp-block-spacer\"><\/div>\n\n\n\n<p style=\"font-size:17px\">ECHO est un programme interactif de formation m\u00e9dicale en ligne qui relie les fournisseurs de soins de sant\u00e9 avec une \u00e9quipe de sp\u00e9cialistes interprofessionnelles afin d\u2019avancer l\u2019apprentissage et am\u00e9liorer les comp\u00e9tences cliniques.<\/p>\n\n\n\n<p>Le mod\u00e8le ECHO (Extension for Community Healthcare Outcomes) model\u2122 cr\u00e9e des r\u00e9seaux d\u2019\u00e9change \u00e0 travers plusieurs visioconf\u00e9rences. Ces communaut\u00e9s de pratiques virtuelles sont dirig\u00e9es par des centres \u00ab hubs \u00bb sp\u00e9cialis\u00e9s et interdisciplinaires qui joignent les participants pour promouvoir les connaissances et les meilleurs pratiques. ECHO a \u00e9t\u00e9 fond\u00e9 au Canada, en Ontario en 2015 (www.echoontario.ca).<a href=\"https:\/\/www.echoontario.ca\/\" target=\"_blank\" rel=\"noreferrer noopener\">www.echoontario.ca<\/a>).<\/p>\n\n\n\n<p>A training Superhub was established in Toronto, Ontario at the Centre for Addiction and Mental Health and\u00a0University Health Network in 2017. Since then, ECHOs have been established across many provinces and territories across Canada, in addition to emerging ECHOs that are national in scope. This program is funded by Health Canada to promote and disseminate pain ECHOs across Canada.<\/p>\n\n\n\n<div class=\"wp-block-columns alignfull is-layout-flex wp-container-core-columns-is-layout-28f84493 wp-block-columns-is-layout-flex\">\n<div class=\"wp-block-column is-layout-flow wp-block-column-is-layout-flow\" style=\"flex-basis:100%\">\n<div style=\"height:30px\" aria-hidden=\"true\" class=\"wp-block-spacer\"><\/div>\n\n\n\n<div class=\"wp-block-uagb-advanced-heading uagb-block-48e38591\"><h2 class=\"uagb-heading-text\">ECHO Douleur Chronique et Gestion des Opio\u00efdes Canada<\/h2><p class=\"uagb-desc-text\"><strong>Extension of Community Healthcare Outcomes (ECHO)<\/strong><br>Une communit\u00e9 de fournisseurs de soins primaires (FSP) virtuelle propice \u00e0 l\u2019apprentissage afin d\u2019acqu\u00e9rir des comp\u00e9tences et renforcer la confiance en partageant les meilleures pratiques et conseils sur des cas de patients.<\/p><\/div>\n\n\n\n<figure class=\"wp-block-image aligncenter size-full\"><img loading=\"lazy\" decoding=\"async\" width=\"792\" height=\"612\" src=\"https:\/\/echopaincanada.ca\/wp-content\/uploads\/2023\/08\/FR-ECHO-Diagram.png\" alt=\"\" class=\"wp-image-551\" srcset=\"https:\/\/echopaincanada.ca\/wp-content\/uploads\/2023\/08\/FR-ECHO-Diagram.png 792w, https:\/\/echopaincanada.ca\/wp-content\/uploads\/2023\/08\/FR-ECHO-Diagram-300x232.png 300w, https:\/\/echopaincanada.ca\/wp-content\/uploads\/2023\/08\/FR-ECHO-Diagram-768x593.png 768w, https:\/\/echopaincanada.ca\/wp-content\/uploads\/2023\/08\/FR-ECHO-Diagram-16x12.png 16w\" sizes=\"auto, (max-width: 792px) 100vw, 792px\" \/><\/figure>\n<\/div>\n<\/div>\n\n\n\n<div class=\"wp-block-uagb-container uagb-block-1ba0d839 alignfull uagb-is-root-container\"><div class=\"uagb-container-inner-blocks-wrap\">\n<div class=\"wp-block-uagb-container uagb-block-26941460\">\n<div class=\"wp-block-uagb-advanced-heading uagb-block-fa3f13de\"><h2 class=\"uagb-heading-text\"><strong>Notre vision<\/strong><\/h2><div class=\"uagb-separator\"><\/div><p class=\"uagb-desc-text\">Une communaut\u00e9 virtuelle qui a pour but progresser les meilleurs soins  au Canada.<\/p><\/div>\n<\/div>\n\n\n\n<div class=\"wp-block-uagb-container uagb-block-41271db9\">\n<div class=\"wp-block-uagb-advanced-heading uagb-block-99e8191f\"><h2 class=\"uagb-heading-text\"><strong><strong>Notre mission<\/strong><\/strong><\/h2><div class=\"uagb-separator\"><\/div><p class=\"uagb-desc-text\">Notre mission est de promouvoir une communaut\u00e9 virtuelle pour les fournisseurs de soins de sant\u00e9 au Canada. Ces efforts augmenteront l\u2019acc\u00e8s aux soins de sant\u00e9 sp\u00e9cialis\u00e9s et am\u00e9lioreront les r\u00e9sultats aupr\u00e8s des patients et cr\u00e9eront davantage                d\u2019\u00e9quit\u00e9 en sant\u00e9.<\/p><\/div>\n<\/div>\n<\/div><\/div>\n\n\n\n<div style=\"height:100px\" aria-hidden=\"true\" class=\"wp-block-spacer\"><\/div>\n\n\n\n<div class=\"wp-block-uagb-advanced-heading uagb-block-a8a2aeee\"><h2 class=\"uagb-heading-text\"><strong><strong><strong><strong><strong>La structure d\u2019ECHO<\/strong><\/strong><\/strong><\/strong><\/strong><\/h2><div class=\"uagb-separator\"><\/div><p class=\"uagb-desc-text\">ECHO relie une \u00e9quipe de sp\u00e9cialistes interprofessionnels \u00ab hub \u00bb aux fournisseurs de soins de sant\u00e9 \u00e0 chaque semaine par visioconf\u00e9rence.<\/p><\/div>\n\n\n\n<figure class=\"wp-block-embed is-type-video is-provider-youtube wp-block-embed-youtube wp-embed-aspect-16-9 wp-has-aspect-ratio\"><div class=\"wp-block-embed__wrapper\">\n<iframe loading=\"lazy\" title=\"ECHO at UHN: Registration and What to Expect\" width=\"500\" height=\"281\" src=\"https:\/\/www.youtube.com\/embed\/ymG53ZBWdzU?feature=oembed\" frameborder=\"0\" allow=\"accelerometer; autoplay; clipboard-write; encrypted-media; gyroscope; picture-in-picture; web-share\" referrerpolicy=\"strict-origin-when-cross-origin\" allowfullscreen><\/iframe>\n<\/div><\/figure>\n\n\n\n<section class=\"wp-block-uagb-columns uagb-columns__wrap uagb-columns__background-none uagb-columns__stack-mobile uagb-columns__valign- uagb-columns__gap-10 align uagb-block-e5966967 uagb-columns__columns-3 uagb-columns__max_width-theme\"><div class=\"uagb-columns__overlay\"><\/div><div class=\"uagb-columns__inner-wrap uagb-columns__columns-3\">\n<div class=\"wp-block-uagb-column uagb-column__wrap uagb-column__background-undefined uagb-block-f8694ae9\"><div class=\"uagb-column__overlay\"><\/div>\n<div class=\"wp-block-uagb-info-box uagb-block-674b7e56 uagb-infobox__content-wrap  uagb-infobox-icon-above-title uagb-infobox-image-valign-top uagb-infobox__outer-wrap\"><div class=\"uagb-ifb-content\"><div class=\"uagb-ifb-icon-wrap\"><svg xmlns=\"https:\/\/www.w3.org\/2000\/svg\" viewbox=\"0 0 448 512\"><path d=\"M246.6 233.4l-160-160c-12.5-12.5-32.75-12.5-45.25 0s-12.5 32.75 0 45.25L178.8 256l-137.4 137.4c-12.5 12.5-12.5 32.75 0 45.25C47.63 444.9 55.81 448 64 448s16.38-3.125 22.62-9.375l160-160C259.1 266.1 259.1 245.9 246.6 233.4zM438.6 233.4l-160-160c-12.5-12.5-32.75-12.5-45.25 0s-12.5 32.75 0 45.25L370.8 256l-137.4 137.4c-12.5 12.5-12.5 32.75 0 45.25C239.6 444.9 247.8 448 256 448s16.38-3.125 22.62-9.375l160-160C451.1 266.1 451.1 245.9 438.6 233.4z\"><\/path><\/svg><\/div><div class=\"uagb-ifb-title-wrap\"><h3 class=\"uagb-ifb-title\">1<\/h3><\/div><p class=\"uagb-ifb-desc\"><strong>Avant la session :<\/strong><br>Vous recevrez un agenda \u00e9lectronique avec, un lien pour la visioconf\u00e9rence et mat\u00e9riel de cours. <br><br>Assurez-vous que vous avez acc\u00e8s \u00e0 des \u00e9quipements appropri\u00e9s pour participer \u00e0 la session (connexion internet stable, ordinateur, webcam et micro ou t\u00e9l\u00e9phone intelligent).<\/p><\/div><\/div>\n<\/div>\n\n\n\n<div class=\"wp-block-uagb-column uagb-column__wrap uagb-column__background-undefined uagb-block-c7aaf11a\"><div class=\"uagb-column__overlay\"><\/div>\n<div class=\"wp-block-uagb-info-box uagb-block-6686088e uagb-infobox__content-wrap  uagb-infobox-icon-above-title uagb-infobox-image-valign-top uagb-infobox__outer-wrap\"><div class=\"uagb-ifb-content\"><div class=\"uagb-ifb-icon-wrap\"><svg xmlns=\"https:\/\/www.w3.org\/2000\/svg\" viewbox=\"0 0 448 512\"><path d=\"M246.6 233.4l-160-160c-12.5-12.5-32.75-12.5-45.25 0s-12.5 32.75 0 45.25L178.8 256l-137.4 137.4c-12.5 12.5-12.5 32.75 0 45.25C47.63 444.9 55.81 448 64 448s16.38-3.125 22.62-9.375l160-160C259.1 266.1 259.1 245.9 246.6 233.4zM438.6 233.4l-160-160c-12.5-12.5-32.75-12.5-45.25 0s-12.5 32.75 0 45.25L370.8 256l-137.4 137.4c-12.5 12.5-12.5 32.75 0 45.25C239.6 444.9 247.8 448 256 448s16.38-3.125 22.62-9.375l160-160C451.1 266.1 451.1 245.9 438.6 233.4z\"><\/path><\/svg><\/div><div class=\"uagb-ifb-title-wrap\"><h3 class=\"uagb-ifb-title\">2<\/h3><\/div><p class=\"uagb-ifb-desc\"><strong>Durant la session :<\/strong><br>Une courte conf\u00e9rence didactique pr\u00e9sent\u00e9e par un expert <br>Pr\u00e9sentation de cas et discussion (tous les cas sont anonymis\u00e9s) <\/p><\/div><\/div>\n<\/div>\n\n\n\n<div class=\"wp-block-uagb-column uagb-column__wrap uagb-column__background-undefined uagb-block-9c1c452a\"><div class=\"uagb-column__overlay\"><\/div>\n<div class=\"wp-block-uagb-info-box uagb-block-cd0dec7b uagb-infobox__content-wrap  uagb-infobox-icon-above-title uagb-infobox-image-valign-top uagb-infobox__outer-wrap\"><div class=\"uagb-ifb-content\"><div class=\"uagb-ifb-icon-wrap\"><svg xmlns=\"https:\/\/www.w3.org\/2000\/svg\" viewbox=\"0 0 448 512\"><path d=\"M246.6 233.4l-160-160c-12.5-12.5-32.75-12.5-45.25 0s-12.5 32.75 0 45.25L178.8 256l-137.4 137.4c-12.5 12.5-12.5 32.75 0 45.25C47.63 444.9 55.81 448 64 448s16.38-3.125 22.62-9.375l160-160C259.1 266.1 259.1 245.9 246.6 233.4zM438.6 233.4l-160-160c-12.5-12.5-32.75-12.5-45.25 0s-12.5 32.75 0 45.25L370.8 256l-137.4 137.4c-12.5 12.5-12.5 32.75 0 45.25C239.6 444.9 247.8 448 256 448s16.38-3.125 22.62-9.375l160-160C451.1 266.1 451.1 245.9 438.6 233.4z\"><\/path><\/svg><\/div><div class=\"uagb-ifb-title-wrap\"><h3 class=\"uagb-ifb-title\">3<\/h3><\/div><p class=\"uagb-ifb-desc\"><strong>Apr\u00e8s la session<\/strong><br>Compl\u00e9tez une enqu\u00eate de satisfaction hebdomadaire afin d\u2019am\u00e9liorer vos futures exp\u00e9riences. <br>Modifiez les soins aux patients en fonction des perles cliniques appris des sessions. <br>Recevoir le certificat DPC \u00e0 la fin de chaque cycle. <\/p><\/div><\/div>\n<\/div>\n<\/div><\/section>\n\n\n\n<div style=\"height:100px\" aria-hidden=\"true\" class=\"wp-block-spacer\"><\/div>\n\n\n\n<div class=\"wp-block-uagb-container uagb-block-68c08906 alignfull uagb-is-root-container\"><div class=\"uagb-container-inner-blocks-wrap\">\n<div class=\"wp-block-uagb-container uagb-block-5003718c\">\n<div class=\"wp-block-uagb-image uagb-block-2999ec3a wp-block-uagb-image--layout-default wp-block-uagb-image--effect-static wp-block-uagb-image--align-none\"><figure class=\"wp-block-uagb-image__figure\"><img decoding=\"async\" srcset=\"https:\/\/echopaincanada.ca\/wp-content\/uploads\/2023\/05\/Artboard-3-300x168.png \" sizes=\"auto, (max-width: 480px) 150px\" src=\"https:\/\/echopaincanada.ca\/wp-content\/uploads\/2023\/05\/Artboard-3-300x168.png\" alt=\"\" class=\"uag-image-529\" width=\"300\" height=\"168\" title=\"\" loading=\"lazy\"\/><\/figure><\/div>\n<\/div>\n\n\n\n<div class=\"wp-block-uagb-container uagb-block-0d476de7\">\n<h2 class=\"wp-block-heading has-white-color has-text-color\"><strong>Comment ECHO peut vous b\u00e9n\u00e9ficier<\/strong><\/h2>\n\n\n\n<figure class=\"wp-block-table is-style-regular\"><table class=\"has-ast-global-color-5-color has-text-color\"><tbody><tr><td>Acqu\u00e9rir les meilleures pratiques cliniques<\/td><\/tr><tr><td>Rejoignez un r\u00e9seau de praticiens<\/td><\/tr><tr><td>Recevez des recommandations en temps r\u00e9el pour les cas de patients pr\u00e9sent\u00e9s<\/td><\/tr><tr><td>Aucun frais de participation<\/td><\/tr><tr><td>Acc\u00e9dez \u00e0 une \u00e9quipe de sp\u00e9cialistes interprofessionnels (hub)<\/td><\/tr><tr><td>Obtenez des cr\u00e9dits de d\u00e9veloppement professionnel continu (DPC)<\/td><\/tr><tr><td>Renforce la confiance et les comp\u00e9tences pour fournir les meilleures pratiques de soins aux patients<\/td><\/tr><tr><td>Apprentissage en ligne accessible (via Zoom)<\/td><\/tr><\/tbody><\/table><\/figure>\n<\/div>\n<\/div><\/div>\n\n\n\n<div style=\"height:100px\" aria-hidden=\"true\" class=\"wp-block-spacer\"><\/div>\n\n\n\n<div class=\"wp-block-uagb-advanced-heading uagb-block-4f515c20\"><h2 class=\"uagb-heading-text\"><strong><strong>Articles de Recherche Pertinents<\/strong><\/strong><\/h2><div class=\"uagb-separator\"><\/div><p class=\"uagb-desc-text\">Articles d\u00e9montrant les r\u00e9sultats du mod\u00e8le ECHO<\/p><\/div>\n\n\n\n<figure class=\"wp-block-table is-style-stripes\"><table><tbody><tr><td> <figure class=\"wp-block-image aligncenter size-thumbnail is-resized\"><img loading=\"lazy\" decoding=\"async\" width=\"38\" height=\"38\" class=\"wp-image-274\" src=\"https:\/\/echopaincanada.ca\/wp-content\/uploads\/2022\/05\/noun-pdf-2126914-150x150.png\" alt=\"\" srcset=\"https:\/\/echopaincanada.ca\/wp-content\/uploads\/2022\/05\/noun-pdf-2126914-150x150.png 150w, https:\/\/echopaincanada.ca\/wp-content\/uploads\/2022\/05\/noun-pdf-2126914-300x300.png 300w, https:\/\/echopaincanada.ca\/wp-content\/uploads\/2022\/05\/noun-pdf-2126914-12x12.png 12w, https:\/\/echopaincanada.ca\/wp-content\/uploads\/2022\/05\/noun-pdf-2126914.png 700w\" sizes=\"auto, (max-width: 38px) 100vw, 38px\" \/><\/figure> <\/td><td>Babineau, J., et al. (2018).&nbsp;\u201cThe Embedded Librarian in a Telehealth Continuing Medical Education Program.\u201d&nbsp;J Hosp Librarianship 18(1): 1-14.<\/td><td><\/td><td class=\"has-text-align-center\" data-align=\"center\"><img loading=\"lazy\" decoding=\"async\" width=\"38\" height=\"38\" src=\"https:\/\/echopaincanada.ca\/wp-content\/uploads\/2022\/05\/noun-download-4855106-150x150.png\" alt=\"\"><\/td><\/tr><tr><td><img loading=\"lazy\" decoding=\"async\" width=\"38\" height=\"38\" src=\"https:\/\/echopaincanada.ca\/wp-content\/uploads\/2022\/05\/noun-pdf-2126914-150x150.png\" alt=\"\"><\/td><td>Carlin, L., et al. (2018).&nbsp;\u201cProject ECHO Telementoring Intervention for Managing Chronic Pain in Primary Care: Insights from a Qualitative Study.\u201d&nbsp;Pain Med 19(6): 1140-1146.<\/td><td><\/td><td class=\"has-text-align-center\" data-align=\"center\"><img loading=\"lazy\" decoding=\"async\" width=\"38\" height=\"38\" src=\"https:\/\/echopaincanada.ca\/wp-content\/uploads\/2022\/05\/noun-download-4855106-150x150.png\" alt=\"\">    <\/td><\/tr><tr><td><img loading=\"lazy\" decoding=\"async\" width=\"38\" height=\"38\" src=\"https:\/\/echopaincanada.ca\/wp-content\/uploads\/2022\/05\/noun-pdf-2126914-150x150.png\" alt=\"\"><\/td><td>&nbsp;Diaz, S., et al. (2020)&nbsp;&#8220;Changes in Opioid Prescribing Behaviors among Family Physicians Who Participated in a Weekly Tele-Mentoring Program.&#8221;&nbsp;J Clin Med 9(1): 14<\/td><td><\/td><td class=\"has-text-align-center\" data-align=\"center\"><img loading=\"lazy\" decoding=\"async\" width=\"38\" height=\"38\" src=\"https:\/\/echopaincanada.ca\/wp-content\/uploads\/2022\/05\/noun-download-4855106-150x150.png\" alt=\"\"><\/td><\/tr><tr><td><img loading=\"lazy\" decoding=\"async\" width=\"38\" height=\"38\" src=\"https:\/\/echopaincanada.ca\/wp-content\/uploads\/2022\/05\/noun-pdf-2126914-150x150.png\" alt=\"\"><\/td><td>Dubin, R. E., et al. (2015)&nbsp;&#8220;ECHO Ontario Chronic Pain &amp; Opioid Stewardship: Providing Access and Building Capacity for Primary Care Providers in Underserviced, Rural, and Remote Communities.&#8221;&nbsp;Stud Health Technol Inform 209: 15-22.<\/td><td><\/td><td class=\"has-text-align-center\" data-align=\"center\"><img loading=\"lazy\" decoding=\"async\" width=\"38\" height=\"38\" src=\"https:\/\/echopaincanada.ca\/wp-content\/uploads\/2022\/05\/noun-download-4855106-150x150.png\" alt=\"\"><\/td><\/tr><tr><td><img loading=\"lazy\" decoding=\"async\" width=\"38\" height=\"38\" src=\"https:\/\/echopaincanada.ca\/wp-content\/uploads\/2022\/05\/noun-pdf-2126914-150x150.png\" alt=\"\"><\/td><td>Furlan, A. D., et al. (2019)&nbsp;&#8220;Project ECHO: Building capacity to manage complex conditions in rural, remote and underserved areas.&#8221;&nbsp;Can J Rural Med 24(4): 115-120.<\/td><td><\/td><td class=\"has-text-align-center\" data-align=\"center\"><img loading=\"lazy\" decoding=\"async\" width=\"38\" height=\"38\" src=\"https:\/\/echopaincanada.ca\/wp-content\/uploads\/2022\/05\/noun-download-4855106-150x150.png\" alt=\"\"><\/td><\/tr><tr><td><img loading=\"lazy\" decoding=\"async\" width=\"38\" height=\"38\" src=\"https:\/\/echopaincanada.ca\/wp-content\/uploads\/2022\/05\/noun-pdf-2126914-150x150.png\" alt=\"\"><\/td><td>Hassan, S., et al. (2020)&nbsp;&#8220;Promoting an interprofessional approach to chronic pain management in primary care using Project ECHO.&#8221;&nbsp;J Interprof Care: 1-4.<\/td><td><\/td><td class=\"has-text-align-center\" data-align=\"center\"><img loading=\"lazy\" decoding=\"async\" width=\"38\" height=\"38\" src=\"https:\/\/echopaincanada.ca\/wp-content\/uploads\/2022\/05\/noun-download-4855106-150x150.png\" alt=\"\"><\/td><\/tr><tr><td><img loading=\"lazy\" decoding=\"async\" width=\"38\" height=\"38\" src=\"https:\/\/echopaincanada.ca\/wp-content\/uploads\/2022\/05\/noun-pdf-2126914-150x150.png\" alt=\"\"><\/td><td>&nbsp;Zhao, J., et al. (2020)&nbsp;&#8220;Health care providers\u2019 experiences and perceptions participating in a chronic pain telementoring education program: A qualitative study.&#8221;&nbsp;Can J Pain 4(1): 111-121<\/td><td><\/td><td class=\"has-text-align-center\" data-align=\"center\"><img loading=\"lazy\" decoding=\"async\" width=\"38\" height=\"38\" src=\"https:\/\/echopaincanada.ca\/wp-content\/uploads\/2022\/05\/noun-download-4855106-150x150.png\" alt=\"\"><\/td><\/tr><\/tbody><\/table><\/figure>\n\n\n\n<div style=\"height:100px\" aria-hidden=\"true\" class=\"wp-block-spacer\"><\/div>","protected":false},"excerpt":{"rendered":"<p>ECHO is an interactive online medical education program, connecting health care providers with an interprofessional specialist team to advance learning and enhance clinical skills. The ECHO (Extension for Community Healthcare Outcomes) model\u2122 creates knowledge-sharing networks through multipoint video conferencing. These virtual communities of practice are led by interdisciplinary, specialist \u2018hubs,\u2019 that join with participants (spokes) [&hellip;]<\/p>\n","protected":false},"author":1,"featured_media":0,"parent":0,"menu_order":0,"comment_status":"closed","ping_status":"closed","template":"","meta":{"_uag_custom_page_level_css":"","site-sidebar-layout":"default","site-content-layout":"default","ast-site-content-layout":"default","site-content-style":"default","site-sidebar-style":"default","ast-global-header-display":"","ast-banner-title-visibility":"","ast-main-header-display":"","ast-hfb-above-header-display":"","ast-hfb-below-header-display":"","ast-hfb-mobile-header-display":"","site-post-title":"","ast-breadcrumbs-content":"","ast-featured-img":"","footer-sml-layout":"","ast-disable-related-posts":"","theme-transparent-header-meta":"default","adv-header-id-meta":"","stick-header-meta":"default","header-above-stick-meta":"","header-main-stick-meta":"","header-below-stick-meta":"","astra-migrate-meta-layouts":"default","ast-page-background-enabled":"default","ast-page-background-meta":{"desktop":{"background-color":"","background-image":"","background-repeat":"repeat","background-position":"center center","background-size":"auto","background-attachment":"scroll","background-type":"","background-media":"","overlay-type":"","overlay-color":"","overlay-opacity":"","overlay-gradient":""},"tablet":{"background-color":"","background-image":"","background-repeat":"repeat","background-position":"center center","background-size":"auto","background-attachment":"scroll","background-type":"","background-media":"","overlay-type":"","overlay-color":"","overlay-opacity":"","overlay-gradient":""},"mobile":{"background-color":"","background-image":"","background-repeat":"repeat","background-position":"center center","background-size":"auto","background-attachment":"scroll","background-type":"","background-media":"","overlay-type":"","overlay-color":"","overlay-opacity":"","overlay-gradient":""}},"ast-content-background-meta":{"desktop":{"background-color":"var(--ast-global-color-5)","background-image":"","background-repeat":"repeat","background-position":"center center","background-size":"auto","background-attachment":"scroll","background-type":"","background-media":"","overlay-type":"","overlay-color":"","overlay-opacity":"","overlay-gradient":""},"tablet":{"background-color":"var(--ast-global-color-5)","background-image":"","background-repeat":"repeat","background-position":"center center","background-size":"auto","background-attachment":"scroll","background-type":"","background-media":"","overlay-type":"","overlay-color":"","overlay-opacity":"","overlay-gradient":""},"mobile":{"background-color":"var(--ast-global-color-5)","background-image":"","background-repeat":"repeat","background-position":"center center","background-size":"auto","background-attachment":"scroll","background-type":"","background-media":"","overlay-type":"","overlay-color":"","overlay-opacity":"","overlay-gradient":""}},"footnotes":""},"class_list":["post-62","page","type-page","status-publish","hentry"],"uagb_featured_image_src":{"full":false,"thumbnail":false,"medium":false,"medium_large":false,"large":false,"1536x1536":false,"2048x2048":false,"trp-custom-language-flag":false},"uagb_author_info":{"display_name":"echo_pain_ca_admin","author_link":"https:\/\/echopaincanada.ca\/fr\/blog\/author\/echo_pain_ca_admin\/"},"uagb_comment_info":0,"uagb_excerpt":"ECHO is an interactive online medical education program, connecting health care providers with an interprofessional specialist team to advance learning and enhance clinical skills. The ECHO (Extension for Community Healthcare Outcomes) model\u2122 creates knowledge-sharing networks through multipoint video conferencing. These virtual communities of practice are led by interdisciplinary, specialist \u2018hubs,\u2019 that join with participants (spokes)&hellip;","_links":{"self":[{"href":"https:\/\/echopaincanada.ca\/fr\/wp-json\/wp\/v2\/pages\/62","targetHints":{"allow":["GET"]}}],"collection":[{"href":"https:\/\/echopaincanada.ca\/fr\/wp-json\/wp\/v2\/pages"}],"about":[{"href":"https:\/\/echopaincanada.ca\/fr\/wp-json\/wp\/v2\/types\/page"}],"author":[{"embeddable":true,"href":"https:\/\/echopaincanada.ca\/fr\/wp-json\/wp\/v2\/users\/1"}],"replies":[{"embeddable":true,"href":"https:\/\/echopaincanada.ca\/fr\/wp-json\/wp\/v2\/comments?post=62"}],"version-history":[{"count":48,"href":"https:\/\/echopaincanada.ca\/fr\/wp-json\/wp\/v2\/pages\/62\/revisions"}],"predecessor-version":[{"id":677,"href":"https:\/\/echopaincanada.ca\/fr\/wp-json\/wp\/v2\/pages\/62\/revisions\/677"}],"wp:attachment":[{"href":"https:\/\/echopaincanada.ca\/fr\/wp-json\/wp\/v2\/media?parent=62"}],"curies":[{"name":"wp","href":"https:\/\/api.w.org\/{rel}","templated":true}]}}