{"id":64,"date":"2021-07-13T16:32:36","date_gmt":"2021-07-13T20:32:36","guid":{"rendered":"https:\/\/echopaincanada.ca\/?page_id=64"},"modified":"2023-05-10T23:29:47","modified_gmt":"2023-05-11T03:29:47","slug":"contact-us","status":"publish","type":"page","link":"https:\/\/echopaincanada.ca\/fr\/contact-us\/","title":{"rendered":"Nous contacter"},"content":{"rendered":"<div style=\"height:100px\" aria-hidden=\"true\" class=\"wp-block-spacer\"><\/div>\n\n\n\n<div class=\"wp-block-uagb-advanced-heading uagb-block-464ee828\"><h2 class=\"uagb-heading-text\">Renseignements g\u00e9n\u00e9raux<\/h2><div class=\"uagb-separator\"><\/div><p class=\"uagb-desc-text\">Pour obtenir des renseignements g\u00e9n\u00e9raux, veuillez envoyer un courriel \u00e0 l\u2019adresse info@echopaincanada.ca<\/p><\/div>\n\n\n\n<figure class=\"wp-block-image size-large\"><img loading=\"lazy\" decoding=\"async\" width=\"1024\" height=\"576\" src=\"https:\/\/echopaincanada.ca\/wp-content\/uploads\/2023\/05\/Artboard-1-1024x576.png\" alt=\"\" class=\"wp-image-440\" srcset=\"https:\/\/echopaincanada.ca\/wp-content\/uploads\/2023\/05\/Artboard-1-1024x576.png 1024w, https:\/\/echopaincanada.ca\/wp-content\/uploads\/2023\/05\/Artboard-1-300x169.png 300w, https:\/\/echopaincanada.ca\/wp-content\/uploads\/2023\/05\/Artboard-1-768x432.png 768w, https:\/\/echopaincanada.ca\/wp-content\/uploads\/2023\/05\/Artboard-1-18x10.png 18w, https:\/\/echopaincanada.ca\/wp-content\/uploads\/2023\/05\/Artboard-1.png 1366w\" sizes=\"auto, (max-width: 1024px) 100vw, 1024px\" \/><\/figure>\n\n\n\n<div style=\"height:100px\" aria-hidden=\"true\" class=\"wp-block-spacer\"><\/div>","protected":false},"excerpt":{"rendered":"<p>General Inquiries For general inquiries, please email: info@echopaincanada.ca<\/p>","protected":false},"author":1,"featured_media":0,"parent":0,"menu_order":0,"comment_status":"closed","ping_status":"closed","template":"","meta":{"_uag_custom_page_level_css":"","site-sidebar-layout":"default","site-content-layout":"default","ast-site-content-layout":"default","site-content-style":"default","site-sidebar-style":"default","ast-global-header-display":"","ast-banner-title-visibility":"","ast-main-header-display":"","ast-hfb-above-header-display":"","ast-hfb-below-header-display":"","ast-hfb-mobile-header-display":"","site-post-title":"","ast-breadcrumbs-content":"","ast-featured-img":"","footer-sml-layout":"","ast-disable-related-posts":"","theme-transparent-header-meta":"default","adv-header-id-meta":"","stick-header-meta":"default","header-above-stick-meta":"","header-main-stick-meta":"","header-below-stick-meta":"","astra-migrate-meta-layouts":"default","ast-page-background-enabled":"default","ast-page-background-meta":{"desktop":{"background-color":"","background-image":"","background-repeat":"repeat","background-position":"center center","background-size":"auto","background-attachment":"scroll","background-type":"","background-media":"","overlay-type":"","overlay-color":"","overlay-opacity":"","overlay-gradient":""},"tablet":{"background-color":"","background-image":"","background-repeat":"repeat","background-position":"center center","background-size":"auto","background-attachment":"scroll","background-type":"","background-media":"","overlay-type":"","overlay-color":"","overlay-opacity":"","overlay-gradient":""},"mobile":{"background-color":"","background-image":"","background-repeat":"repeat","background-position":"center center","background-size":"auto","background-attachment":"scroll","background-type":"","background-media":"","overlay-type":"","overlay-color":"","overlay-opacity":"","overlay-gradient":""}},"ast-content-background-meta":{"desktop":{"background-color":"var(--ast-global-color-5)","background-image":"","background-repeat":"repeat","background-position":"center center","background-size":"auto","background-attachment":"scroll","background-type":"","background-media":"","overlay-type":"","overlay-color":"","overlay-opacity":"","overlay-gradient":""},"tablet":{"background-color":"var(--ast-global-color-5)","background-image":"","background-repeat":"repeat","background-position":"center center","background-size":"auto","background-attachment":"scroll","background-type":"","background-media":"","overlay-type":"","overlay-color":"","overlay-opacity":"","overlay-gradient":""},"mobile":{"background-color":"var(--ast-global-color-5)","background-image":"","background-repeat":"repeat","background-position":"center center","background-size":"auto","background-attachment":"scroll","background-type":"","background-media":"","overlay-type":"","overlay-color":"","overlay-opacity":"","overlay-gradient":""}},"footnotes":""},"class_list":["post-64","page","type-page","status-publish","hentry"],"uagb_featured_image_src":{"full":false,"thumbnail":false,"medium":false,"medium_large":false,"large":false,"1536x1536":false,"2048x2048":false,"trp-custom-language-flag":false},"uagb_author_info":{"display_name":"echo_pain_ca_admin","author_link":"https:\/\/echopaincanada.ca\/fr\/blog\/author\/echo_pain_ca_admin\/"},"uagb_comment_info":0,"uagb_excerpt":"General Inquiries For general inquiries, please email: info@echopaincanada.ca","_links":{"self":[{"href":"https:\/\/echopaincanada.ca\/fr\/wp-json\/wp\/v2\/pages\/64","targetHints":{"allow":["GET"]}}],"collection":[{"href":"https:\/\/echopaincanada.ca\/fr\/wp-json\/wp\/v2\/pages"}],"about":[{"href":"https:\/\/echopaincanada.ca\/fr\/wp-json\/wp\/v2\/types\/page"}],"author":[{"embeddable":true,"href":"https:\/\/echopaincanada.ca\/fr\/wp-json\/wp\/v2\/users\/1"}],"replies":[{"embeddable":true,"href":"https:\/\/echopaincanada.ca\/fr\/wp-json\/wp\/v2\/comments?post=64"}],"version-history":[{"count":6,"href":"https:\/\/echopaincanada.ca\/fr\/wp-json\/wp\/v2\/pages\/64\/revisions"}],"predecessor-version":[{"id":441,"href":"https:\/\/echopaincanada.ca\/fr\/wp-json\/wp\/v2\/pages\/64\/revisions\/441"}],"wp:attachment":[{"href":"https:\/\/echopaincanada.ca\/fr\/wp-json\/wp\/v2\/media?parent=64"}],"curies":[{"name":"wp","href":"https:\/\/api.w.org\/{rel}","templated":true}]}}