{"id":81,"date":"2021-07-13T16:55:31","date_gmt":"2021-07-13T20:55:31","guid":{"rendered":"https:\/\/echopaincanada.ca\/?page_id=81"},"modified":"2023-08-12T20:54:23","modified_gmt":"2023-08-13T00:54:23","slug":"our-programs","status":"publish","type":"page","link":"https:\/\/echopaincanada.ca\/fr\/our-programs\/","title":{"rendered":"Nos programmes"},"content":{"rendered":"<section class=\"wp-block-uagb-columns uagb-columns__wrap uagb-columns__background-none uagb-columns__stack-mobile uagb-columns__valign- uagb-columns__gap-10 align uagb-block-2ae5bd17 uagb-columns__columns-2 uagb-columns__max_width-theme\"><div class=\"uagb-columns__overlay\"><\/div><div class=\"uagb-columns__inner-wrap uagb-columns__columns-2\">\n<div class=\"wp-block-uagb-column uagb-column__wrap uagb-column__background-undefined uagb-block-dc3c7e5a\"><div class=\"uagb-column__overlay\"><\/div>\n<h2 class=\"wp-block-heading has-text-align-center\" style=\"font-style:normal;font-weight:600\">D\u00e9tails<\/h2>\n\n\n\n<hr class=\"wp-block-separator has-text-color has-vivid-cyan-blue-color has-css-opacity has-vivid-cyan-blue-background-color has-background is-style-wide\"\/>\n\n\n\n<p><strong>Location<\/strong><br>Visioconf\u00e9rence<\/p>\n\n\n\n<p><strong>Centre \u00ab hub \u00bb existant ou de longue date<\/strong><\/p>\n\n\n\n<div class=\"wp-block-uagb-buttons uagb-buttons__outer-wrap uagb-btn__default-btn uagb-btn-tablet__default-btn uagb-btn-mobile__default-btn uagb-block-01fbd757\"><div class=\"uagb-buttons__wrap uagb-buttons-layout-wrap\">\n<div class=\"wp-block-uagb-buttons-child uagb-buttons__outer-wrap uagb-block-ea51181e wp-block-button\"><div class=\"uagb-button__wrapper\"><a class=\"uagb-buttons-repeater wp-block-button__link\" href=\"https:\/\/echopaincanada.ca\/fr\/echo-ontario\/#echo-ontario-at-uhn-curriculum\" onclick=\"return true;\" rel=\"follow noopener\" target=\"_self\"><div class=\"uagb-button__link\">ECHO Ontario au UHN<\/div><span class=\"uagb-button__icon uagb-button__icon-position-after\"><svg xmlns=\"https:\/\/www.w3.org\/2000\/svg\" viewbox=\"0 0 448 512\"><path d=\"M438.6 278.6l-160 160C272.4 444.9 264.2 448 256 448s-16.38-3.125-22.62-9.375c-12.5-12.5-12.5-32.75 0-45.25L338.8 288H32C14.33 288 .0016 273.7 .0016 256S14.33 224 32 224h306.8l-105.4-105.4c-12.5-12.5-12.5-32.75 0-45.25s32.75-12.5 45.25 0l160 160C451.1 245.9 451.1 266.1 438.6 278.6z\"><\/path><\/svg><\/span><\/a><\/div><\/div>\n\n\n\n<div class=\"wp-block-uagb-buttons-child uagb-buttons__outer-wrap uagb-block-50429f9f wp-block-button\"><div class=\"uagb-button__wrapper\"><a class=\"uagb-buttons-repeater wp-block-button__link\" href=\"https:\/\/echopaincanada.ca\/fr\/echo-ontario\/#project-echo-st-josephs-care-group-chronic-pain-and-opioid-stewardship-curriculum\" onclick=\"return true;\" rel=\"follow noopener\" target=\"_self\"><div class=\"uagb-button__link\">Groupe de Soins St. Joseph<\/div><span class=\"uagb-button__icon uagb-button__icon-position-after\"><svg xmlns=\"https:\/\/www.w3.org\/2000\/svg\" viewbox=\"0 0 448 512\"><path d=\"M438.6 278.6l-160 160C272.4 444.9 264.2 448 256 448s-16.38-3.125-22.62-9.375c-12.5-12.5-12.5-32.75 0-45.25L338.8 288H32C14.33 288 .0016 273.7 .0016 256S14.33 224 32 224h306.8l-105.4-105.4c-12.5-12.5-12.5-32.75 0-45.25s32.75-12.5 45.25 0l160 160C451.1 245.9 451.1 266.1 438.6 278.6z\"><\/path><\/svg><\/span><\/a><\/div><\/div>\n\n\n\n<div class=\"wp-block-uagb-buttons-child uagb-buttons__outer-wrap uagb-block-1af74a65 wp-block-button\"><div class=\"uagb-button__wrapper\"><a class=\"uagb-buttons-repeater wp-block-button__link\" href=\"https:\/\/echopaincanada.ca\/fr\/quebec\/#echo-chum-douleur-chronique-curriculum\" onclick=\"return true;\" rel=\"follow noopener\" target=\"_self\"><div class=\"uagb-button__link\">Projet ECHO CHUM<\/div><span class=\"uagb-button__icon uagb-button__icon-position-after\"><svg xmlns=\"https:\/\/www.w3.org\/2000\/svg\" viewbox=\"0 0 448 512\"><path d=\"M438.6 278.6l-160 160C272.4 444.9 264.2 448 256 448s-16.38-3.125-22.62-9.375c-12.5-12.5-12.5-32.75 0-45.25L338.8 288H32C14.33 288 .0016 273.7 .0016 256S14.33 224 32 224h306.8l-105.4-105.4c-12.5-12.5-12.5-32.75 0-45.25s32.75-12.5 45.25 0l160 160C451.1 245.9 451.1 266.1 438.6 278.6z\"><\/path><\/svg><\/span><\/a><\/div><\/div>\n\n\n\n<div class=\"wp-block-uagb-buttons-child uagb-buttons__outer-wrap uagb-block-6fa48d08 wp-block-button\"><div class=\"uagb-button__wrapper\"><a class=\"uagb-buttons-repeater wp-block-button__link\" href=\"https:\/\/echopaincanada.ca\/fr\/echo-british-columbia\/\" onclick=\"return true;\" rel=\"follow noopener\" target=\"_self\"><div class=\"uagb-button__link\">Douleur C.B.: C.B. ECHO<\/div><span class=\"uagb-button__icon uagb-button__icon-position-after\"><svg xmlns=\"https:\/\/www.w3.org\/2000\/svg\" viewbox=\"0 0 448 512\"><path d=\"M438.6 278.6l-160 160C272.4 444.9 264.2 448 256 448s-16.38-3.125-22.62-9.375c-12.5-12.5-12.5-32.75 0-45.25L338.8 288H32C14.33 288 .0016 273.7 .0016 256S14.33 224 32 224h306.8l-105.4-105.4c-12.5-12.5-12.5-32.75 0-45.25s32.75-12.5 45.25 0l160 160C451.1 245.9 451.1 266.1 438.6 278.6z\"><\/path><\/svg><\/span><\/a><\/div><\/div>\n\n\n\n<div class=\"wp-block-uagb-buttons-child uagb-buttons__outer-wrap uagb-block-d483374e wp-block-button\"><div class=\"uagb-button__wrapper\"><a class=\"uagb-buttons-repeater wp-block-button__link\" href=\"https:\/\/echopaincanada.ca\/fr\/echo-ontario\/\" onclick=\"return true;\" rel=\"follow noopener\" target=\"_self\"><div class=\"uagb-button__link\">Projet P\u00e9diatrique ECHO de SickKids<\/div><span class=\"uagb-button__icon uagb-button__icon-position-after\"><svg xmlns=\"https:\/\/www.w3.org\/2000\/svg\" viewbox=\"0 0 448 512\"><path d=\"M438.6 278.6l-160 160C272.4 444.9 264.2 448 256 448s-16.38-3.125-22.62-9.375c-12.5-12.5-12.5-32.75 0-45.25L338.8 288H32C14.33 288 .0016 273.7 .0016 256S14.33 224 32 224h306.8l-105.4-105.4c-12.5-12.5-12.5-32.75 0-45.25s32.75-12.5 45.25 0l160 160C451.1 245.9 451.1 266.1 438.6 278.6z\"><\/path><\/svg><\/span><\/a><\/div><\/div>\n<\/div><\/div>\n\n\n\n<div style=\"height:23px\" aria-hidden=\"true\" class=\"wp-block-spacer\"><\/div>\n\n\n\n<p><strong>S\u00e9ances ECHO Pilotes<\/strong><\/p>\n\n\n\n<div class=\"wp-block-uagb-buttons uagb-buttons__outer-wrap uagb-btn__default-btn uagb-btn-tablet__default-btn uagb-btn-mobile__default-btn uagb-block-2eca2691\"><div class=\"uagb-buttons__wrap uagb-buttons-layout-wrap\">\n<div class=\"wp-block-uagb-buttons-child uagb-buttons__outer-wrap uagb-block-ba3b0831 wp-block-button\"><div class=\"uagb-button__wrapper\"><a class=\"uagb-buttons-repeater wp-block-button__link\" href=\"https:\/\/echopaincanada.ca\/fr\/echo-ontario\/#echo-north-indigenous-chronic-pain-substance-use-pilot-sjcg\" onclick=\"return true;\" rel=\"follow noopener\" target=\"_self\"><div class=\"uagb-button__link\">Termin\u00e9: Douleur Chronique et Toxicomanie chez les Autochtones<\/div><span class=\"uagb-button__icon uagb-button__icon-position-after\"><svg xmlns=\"https:\/\/www.w3.org\/2000\/svg\" viewbox=\"0 0 448 512\"><path d=\"M438.6 278.6l-160 160C272.4 444.9 264.2 448 256 448s-16.38-3.125-22.62-9.375c-12.5-12.5-12.5-32.75 0-45.25L338.8 288H32C14.33 288 .0016 273.7 .0016 256S14.33 224 32 224h306.8l-105.4-105.4c-12.5-12.5-12.5-32.75 0-45.25s32.75-12.5 45.25 0l160 160C451.1 245.9 451.1 266.1 438.6 278.6z\"><\/path><\/svg><\/span><\/a><\/div><\/div>\n\n\n\n<div class=\"wp-block-uagb-buttons-child uagb-buttons__outer-wrap uagb-block-e01cb9e1 wp-block-button\"><div class=\"uagb-button__wrapper\"><a class=\"uagb-buttons-repeater wp-block-button__link\" href=\"https:\/\/echopaincanada.ca\/fr\/quebec\/#echo-chronic-pain-and-opioid-use-disorder-mcgill-university-curriculum\" onclick=\"return true;\" rel=\"follow noopener\" target=\"_self\"><div class=\"uagb-button__link\">En cours: ECHO Douleur chronique et Troubles li\u00e9s \u00e0 l\u2019Usage des Opio\u00efdes: Universit\u00e9 McGill<\/div><span class=\"uagb-button__icon uagb-button__icon-position-after\"><svg xmlns=\"https:\/\/www.w3.org\/2000\/svg\" viewbox=\"0 0 448 512\"><path d=\"M438.6 278.6l-160 160C272.4 444.9 264.2 448 256 448s-16.38-3.125-22.62-9.375c-12.5-12.5-12.5-32.75 0-45.25L338.8 288H32C14.33 288 .0016 273.7 .0016 256S14.33 224 32 224h306.8l-105.4-105.4c-12.5-12.5-12.5-32.75 0-45.25s32.75-12.5 45.25 0l160 160C451.1 245.9 451.1 266.1 438.6 278.6z\"><\/path><\/svg><\/span><\/a><\/div><\/div>\n\n\n\n<div class=\"wp-block-uagb-buttons-child uagb-buttons__outer-wrap uagb-block-1a896a83 wp-block-button\"><div class=\"uagb-button__wrapper\"><a class=\"uagb-buttons-repeater wp-block-button__link\" href=\"https:\/\/echopaincanada.ca\/fr\/echo-ontario\/#sickkids-paediatric-project-echo-curriculum\" onclick=\"return true;\" rel=\"follow noopener\" target=\"_self\"><div class=\"uagb-button__link\">En cours: Projet p\u00e9diatrique ECHO de SickKids: Opio\u00efdes et gestion de la douleur par la consommation des substances chez les enfants et les jeunes<\/div><span class=\"uagb-button__icon uagb-button__icon-position-after\"><svg xmlns=\"https:\/\/www.w3.org\/2000\/svg\" viewbox=\"0 0 448 512\"><path d=\"M438.6 278.6l-160 160C272.4 444.9 264.2 448 256 448s-16.38-3.125-22.62-9.375c-12.5-12.5-12.5-32.75 0-45.25L338.8 288H32C14.33 288 .0016 273.7 .0016 256S14.33 224 32 224h306.8l-105.4-105.4c-12.5-12.5-12.5-32.75 0-45.25s32.75-12.5 45.25 0l160 160C451.1 245.9 451.1 266.1 438.6 278.6z\"><\/path><\/svg><\/span><\/a><\/div><\/div>\n\n\n\n<div class=\"wp-block-uagb-buttons-child uagb-buttons__outer-wrap uagb-block-91f6ca89 wp-block-button\"><div class=\"uagb-button__wrapper\"><a class=\"uagb-buttons-repeater wp-block-button__link\" href=\"#\" onclick=\"return false;\" rel=\"follow noopener\" target=\"_self\"><div class=\"uagb-button__link\">\u00c0 venir: Mount Sinai Hospital: Projet ECHO Douleur pendant la grossesse<\/div><\/a><\/div><\/div>\n\n\n\n<div class=\"wp-block-uagb-buttons-child uagb-buttons__outer-wrap uagb-block-b0051fc9 wp-block-button\"><div class=\"uagb-button__wrapper\"><a class=\"uagb-buttons-repeater wp-block-button__link\" href=\"#\" onclick=\"return false;\" rel=\"follow noopener\" target=\"_self\"><div class=\"uagb-button__link\">\u00c0 venir: L\u2019Universit\u00e9 McMaster: ECHO Douleur dans l\u2019h\u00e9mophilie et la dr\u00e9panocytose\u00a0\u00a0\u00a0\u00a0\u00a0\u00a0\u00a0<\/div><\/a><\/div><\/div>\n<\/div><\/div>\n\n\n\n<div style=\"height:23px\" aria-hidden=\"true\" class=\"wp-block-spacer\"><\/div>\n\n\n\n<p><strong>General Links<\/strong><\/p>\n\n\n\n<div class=\"wp-block-uagb-buttons uagb-buttons__outer-wrap uagb-btn__default-btn uagb-btn-tablet__default-btn uagb-btn-mobile__default-btn uagb-block-0ae4de0d\"><div class=\"uagb-buttons__wrap uagb-buttons-layout-wrap\">\n<div class=\"wp-block-uagb-buttons-child uagb-buttons__outer-wrap uagb-block-44468487 wp-block-button\"><div class=\"uagb-button__wrapper\"><a class=\"uagb-buttons-repeater wp-block-button__link\" href=\"https:\/\/echopaincanada.ca\/fr\/resources\/\" onclick=\"return true;\" rel=\"follow noopener\" target=\"_self\"><div class=\"uagb-button__link\">Ressources<\/div><\/a><\/div><\/div>\n\n\n\n<div class=\"wp-block-uagb-buttons-child uagb-buttons__outer-wrap uagb-block-bddaee0b wp-block-button is-style-outline\"><div class=\"uagb-button__wrapper\"><a class=\"uagb-buttons-repeater wp-block-button__link\" href=\"https:\/\/echopaincanada.ca\/fr\/register\/\" onclick=\"return true;\" rel=\"follow noopener\" target=\"_self\"><div class=\"uagb-button__link\">Enregistrer<\/div><\/a><\/div><\/div>\n<\/div><\/div>\n\n\n\n<div style=\"height:15px\" aria-hidden=\"true\" class=\"wp-block-spacer\"><\/div>\n\n\n\n<div class=\"wp-block-buttons is-layout-flex wp-block-buttons-is-layout-flex\"><\/div>\n\n\n\n<div style=\"height:15px\" aria-hidden=\"true\" class=\"wp-block-spacer\"><\/div>\n<\/div>\n\n\n\n<div class=\"wp-block-uagb-column uagb-column__wrap uagb-column__background-undefined uagb-block-111415cd\"><div class=\"uagb-column__overlay\"><\/div>\n<h2 class=\"wp-block-heading\" style=\"font-style:normal;font-weight:700\">Douleur Chronique et Gestion des Opio\u00efdes<\/h2>\n\n\n\n<p>Notre objectif est de supporter les fournisseurs de soins primaires dans le diagnostic et la prise en charge des patients souffrant de douleur chronique et toxicomanie.<\/p>\n\n\n\n<p>Les Objectives du Programme d\u2019Apprentissage<\/p>\n\n\n\n<ul class=\"wp-block-list\">\n<li>Interpr\u00e9tez des \u00e9valuations exhaustives  afin d\u2019\u00e9tablir un diagnostic pr\u00e9cis et rapide sur la douleur et troubles li\u00e9s \u00e0 l\u2019usage des substances et de planifier le traitement et suivi.<\/li>\n\n\n\n<li>Utilisez des techniques d\u2019\u00e9valuation pour d\u00e9terminer l\u2019origine, l\u2019\u00e9volution et supporter le traitement de la douleur chronique et troubles li\u00e9s \u00e0 l\u2019utilisation des substances.<\/li>\n\n\n\n<li>D\u00e9veloppez des attitudes et croyances auto-r\u00e9gulation sur la pr\u00e9sentation aupr\u00e8s des patients afin de fournir une gestion s\u00e9curitaire et efficace sur la douleur chronique et la consommation de substances.<\/li>\n\n\n\n<li>D\u00e9veloppez un niveau de confort et d\u2019auto-r\u00e9gulation en ce qui concerne la gestion de la douleur chronique et la toxicomanie.<\/li>\n<\/ul>\n\n\n\n<h2 class=\"wp-block-heading\">Exemples d\u2019enregistrements didactiques ECHO<\/h2>\n\n\n\n<p><a href=\"http:\/\/youtu.be\/Gr7E2vk5LZI\" target=\"_blank\" rel=\"noreferrer noopener\"><strong>Les 5 Piliers de la Douleur Chronique<\/strong><\/a>&nbsp;<br><a href=\"https:\/\/www.youtube.com\/watch?v=nra4evZoHOM\" target=\"_blank\" rel=\"noreferrer noopener\"><strong>Diminution Graduelle et l\u2019Arr\u00eat des Opio\u00efdes<\/strong><\/a><strong><br><\/strong><a href=\"http:\/\/youtu.be\/bVQpWN7mgRs\" target=\"_blank\" rel=\"noreferrer noopener\"><strong>Maux de dos et St\u00e9nose Vert\u00e9brale&nbsp;<\/strong><\/a><\/p>\n\n\n\n<h2 class=\"wp-block-heading\">Pr\u00e9sentation de Cas<\/h2>\n\n\n\n<ul class=\"wp-block-list\">\n<li>Avez-vous un cas difficile de douleur et\/ou de toxicomanie ? <strong><\/strong><\/li>\n\n\n\n<li>ECHO offre l\u2019acc\u00e8s \u00e0 une \u00e9quipe de sp\u00e9cialistes interprofessionnels et leur conseil afin d\u2019acqu\u00e9rir des conseils pratiques pour mieux soigner votre patient dans un cours d\u00e9lais. <strong><\/strong><\/li>\n\n\n\n<li>Tous les cas de patients sont anonymis\u00e9s.  Pri\u00e8re de ne pas partager aucune information li\u00e9e \u00e0 l\u2019identification personnelle du patient. <\/li>\n\n\n\n<li>Les cas doivent \u00eatre soumis \u00e0 votre centre \u00ab hub \u00bb ECHO pour v\u00e9rification. <strong><\/strong><\/li>\n<\/ul>\n\n\n\n<p><strong><a href=\"https:\/\/uhn.echoontario.ca\/getattachment\/2ef71f28-d310-43bf-9245-dbbef4cbf4fc\/ECHO-Chronic-Pain-Case-Form-Fillable-Form-V4-(1).pdf\">Formulaire de cas patient ECHO<\/a><\/strong><\/p>\n\n\n\n<h2 class=\"wp-block-heading\">Accr\u00e9ditation<\/h2>\n\n\n\n<p>Cr\u00e9dits pour <em>M\u00e9decin de Famille sp\u00e9cialiste<\/em><\/p>\n\n\n\n<p>Ce programme d\u2019apprentissage en groupe (1 cr\u00e9dit par heure) r\u00e9pond aux crit\u00e8res de certification du Coll\u00e8ge des m\u00e9decins de famille du Canada et a \u00e9t\u00e9 certifi\u00e9 par l\u2019Universit\u00e9 Queen\u2019s pour plus de 61.5 cr\u00e9dits Mainpro+.<\/p>\n\n\n\n<p>Cr\u00e9dits pour <em>les professionnels de la sant\u00e9 du Coll\u00e8ge royal<\/em><\/p>\n\n\n\n<p>Cet \u00e9v\u00e9nement fait partie des activit\u00e9s d\u2019apprentissage collectif agr\u00e9\u00e9s (section 1) accr\u00e9dit\u00e9e par le Programme de maintien du certificat du Coll\u00e8ge royal des m\u00e9decins et chirurgiens du Canada et approuv\u00e9e par le Bureau du DPC de l\u2019Universit\u00e9 Queen\u2019s. Vous pouvez r\u00e9clamer un maximum de 61.5 heures (les cr\u00e9dits sont automatiquement calcul\u00e9s).<\/p>\n\n\n\n<p>Cr\u00e9dits pour <em>les professionnels de sant\u00e9<\/em><\/p>\n\n\n\n<p>Cette activit\u00e9 d\u2019apprentissage est accr\u00e9dit\u00e9e et procure plus de 61.5 heures de formation continue.<\/p>\n\n\n\n<p><strong><em>Les certificats de DPC seront envoy\u00e9s par courriel aux participants \u00e0 la fin de chaque cycle.<\/em><\/strong><\/p>\n\n\n\n<p><\/p>\n<\/div>\n<\/div><\/section>\n\n\n\n<p><\/p>","protected":false},"excerpt":{"rendered":"<p>Details LocationVideoconferencing Existing or Long Standing Hubs Pilot ECHO Sessions General Links Chronic Pain &amp; Opioid Stewardship Our goal is to support primary care providers in diagnosis and management of their patients with chronic pain and substance use. Program Learning Objectives: Sample ECHO Didactic Recordings The 5 Pillars of Chronic Pain&nbsp;Tapering and Stopping OpioidsBack Pain&nbsp;&amp; [&hellip;]<\/p>\n","protected":false},"author":1,"featured_media":0,"parent":0,"menu_order":0,"comment_status":"closed","ping_status":"closed","template":"","meta":{"_uag_custom_page_level_css":"","site-sidebar-layout":"default","site-content-layout":"default","ast-site-content-layout":"default","site-content-style":"default","site-sidebar-style":"default","ast-global-header-display":"","ast-banner-title-visibility":"","ast-main-header-display":"","ast-hfb-above-header-display":"","ast-hfb-below-header-display":"","ast-hfb-mobile-header-display":"","site-post-title":"","ast-breadcrumbs-content":"","ast-featured-img":"","footer-sml-layout":"","ast-disable-related-posts":"","theme-transparent-header-meta":"default","adv-header-id-meta":"","stick-header-meta":"default","header-above-stick-meta":"","header-main-stick-meta":"","header-below-stick-meta":"","astra-migrate-meta-layouts":"default","ast-page-background-enabled":"default","ast-page-background-meta":{"desktop":{"background-color":"","background-image":"","background-repeat":"repeat","background-position":"center center","background-size":"auto","background-attachment":"scroll","background-type":"","background-media":"","overlay-type":"","overlay-color":"","overlay-opacity":"","overlay-gradient":""},"tablet":{"background-color":"","background-image":"","background-repeat":"repeat","background-position":"center center","background-size":"auto","background-attachment":"scroll","background-type":"","background-media":"","overlay-type":"","overlay-color":"","overlay-opacity":"","overlay-gradient":""},"mobile":{"background-color":"","background-image":"","background-repeat":"repeat","background-position":"center center","background-size":"auto","background-attachment":"scroll","background-type":"","background-media":"","overlay-type":"","overlay-color":"","overlay-opacity":"","overlay-gradient":""}},"ast-content-background-meta":{"desktop":{"background-color":"var(--ast-global-color-5)","background-image":"","background-repeat":"repeat","background-position":"center center","background-size":"auto","background-attachment":"scroll","background-type":"","background-media":"","overlay-type":"","overlay-color":"","overlay-opacity":"","overlay-gradient":""},"tablet":{"background-color":"var(--ast-global-color-5)","background-image":"","background-repeat":"repeat","background-position":"center center","background-size":"auto","background-attachment":"scroll","background-type":"","background-media":"","overlay-type":"","overlay-color":"","overlay-opacity":"","overlay-gradient":""},"mobile":{"background-color":"var(--ast-global-color-5)","background-image":"","background-repeat":"repeat","background-position":"center center","background-size":"auto","background-attachment":"scroll","background-type":"","background-media":"","overlay-type":"","overlay-color":"","overlay-opacity":"","overlay-gradient":""}},"footnotes":""},"class_list":["post-81","page","type-page","status-publish","hentry"],"uagb_featured_image_src":{"full":false,"thumbnail":false,"medium":false,"medium_large":false,"large":false,"1536x1536":false,"2048x2048":false,"trp-custom-language-flag":false},"uagb_author_info":{"display_name":"echo_pain_ca_admin","author_link":"https:\/\/echopaincanada.ca\/fr\/blog\/author\/echo_pain_ca_admin\/"},"uagb_comment_info":0,"uagb_excerpt":"Details LocationVideoconferencing Existing or Long Standing Hubs Pilot ECHO Sessions General Links Chronic Pain &amp; Opioid Stewardship Our goal is to support primary care providers in diagnosis and management of their patients with chronic pain and substance use. Program Learning Objectives: Sample ECHO Didactic Recordings The 5 Pillars of Chronic Pain&nbsp;Tapering and Stopping OpioidsBack Pain&nbsp;&amp;&hellip;","_links":{"self":[{"href":"https:\/\/echopaincanada.ca\/fr\/wp-json\/wp\/v2\/pages\/81","targetHints":{"allow":["GET"]}}],"collection":[{"href":"https:\/\/echopaincanada.ca\/fr\/wp-json\/wp\/v2\/pages"}],"about":[{"href":"https:\/\/echopaincanada.ca\/fr\/wp-json\/wp\/v2\/types\/page"}],"author":[{"embeddable":true,"href":"https:\/\/echopaincanada.ca\/fr\/wp-json\/wp\/v2\/users\/1"}],"replies":[{"embeddable":true,"href":"https:\/\/echopaincanada.ca\/fr\/wp-json\/wp\/v2\/comments?post=81"}],"version-history":[{"count":37,"href":"https:\/\/echopaincanada.ca\/fr\/wp-json\/wp\/v2\/pages\/81\/revisions"}],"predecessor-version":[{"id":580,"href":"https:\/\/echopaincanada.ca\/fr\/wp-json\/wp\/v2\/pages\/81\/revisions\/580"}],"wp:attachment":[{"href":"https:\/\/echopaincanada.ca\/fr\/wp-json\/wp\/v2\/media?parent=81"}],"curies":[{"name":"wp","href":"https:\/\/api.w.org\/{rel}","templated":true}]}}